{"id":2656,"date":"2020-01-04T09:54:57","date_gmt":"2020-01-04T08:54:57","guid":{"rendered":"https:\/\/www.taxi-sprint.ch\/trasporti-speciali\/"},"modified":"2023-05-05T10:57:12","modified_gmt":"2023-05-05T08:57:12","slug":"sondertransport","status":"publish","type":"page","link":"https:\/\/www.taxi-sprint.ch\/de\/sondertransport\/","title":{"rendered":"Sondertransport"},"content":{"rendered":"\n<style type=\"text\/css\" data-created_by=\"avia_inline_auto\" id=\"style-css-av-k4zd82dz-4790c11f858fb009933147cd05f73e13\">\n.avia-section.av-k4zd82dz-4790c11f858fb009933147cd05f73e13 .av-parallax .av-parallax-inner{\nbackground-repeat:no-repeat;\nbackground-image:url(https:\/\/www.taxi-sprint.ch\/wp-content\/uploads\/2020\/01\/Trasporti-speciali.jpg);\nbackground-position:50% 50%;\nbackground-attachment:scroll;\n}\n.avia-section.av-k4zd82dz-4790c11f858fb009933147cd05f73e13 .av-section-color-overlay{\nopacity:0.7;\nbackground-color:#000000;\n}\n#top .avia-section.av-k4zd82dz-4790c11f858fb009933147cd05f73e13 .scroll-down-link{\ncolor:#d4b76d;\n}\n<\/style>\n<div id='av_section_1'  class='avia-section av-k4zd82dz-4790c11f858fb009933147cd05f73e13 main_color avia-section-default avia-no-border-styling  avia-builder-el-0  el_before_av_one_full  avia-builder-el-first  avia-full-stretch av-parallax-section avia-bg-style-parallax av-section-color-overlay-active av-minimum-height av-minimum-height-40 av-height-percent  container_wrap fullsize'  data-section-bg-repeat='stretch' data-av_minimum_height_pc='40' data-av_min_height_opt='percent'><div class='av-parallax' data-avia-parallax-ratio='0.3' ><div class='av-parallax-inner main_color avia-full-stretch'><\/div><\/div><div class=\"av-section-color-overlay-wrap\"><div class=\"av-section-color-overlay\"><\/div><a href='#next-section' title='' class='scroll-down-link av-custom-scroll-down-color' aria-hidden='true' data-av_icon='\ue877' data-av_iconfont='entypo-fontello'><\/a><div class='container av-section-cont-open' ><main  role=\"main\" itemprop=\"mainContentOfPage\"  class='template-page content  av-content-full alpha units'><div class='post-entry post-entry-type-page post-entry-2656'><div class='entry-content-wrapper clearfix'>\n\n<style type=\"text\/css\" data-created_by=\"avia_inline_auto\" id=\"style-css-av-k4zes421-9f584446d315da029fc8701e2f0f9db0\">\n.av_font_icon.av-k4zes421-9f584446d315da029fc8701e2f0f9db0{\ncolor:#d4b76d;\nborder-color:#d4b76d;\n}\n.av_font_icon.av-k4zes421-9f584446d315da029fc8701e2f0f9db0 .av-icon-char{\nfont-size:80px;\nline-height:80px;\n}\n<\/style>\n<span  class='av_font_icon av-k4zes421-9f584446d315da029fc8701e2f0f9db0 avia_animate_when_visible av-icon-style- avia-icon-pos-center avia-icon-animate'><span class='av-icon-char' aria-hidden='true' data-av_icon='\uf122' data-av_iconfont='flaticon' ><\/span><\/span>\n\n<style type=\"text\/css\" data-created_by=\"avia_inline_auto\" id=\"style-css-av-k4zg7bbq-4f989a014a4af2709c522b16b8d3a7f0\">\n#top .av-special-heading.av-k4zg7bbq-4f989a014a4af2709c522b16b8d3a7f0{\npadding-bottom:10px;\ncolor:#ffffff;\n}\nbody .av-special-heading.av-k4zg7bbq-4f989a014a4af2709c522b16b8d3a7f0 .av-special-heading-tag .heading-char{\nfont-size:25px;\n}\n.av-special-heading.av-k4zg7bbq-4f989a014a4af2709c522b16b8d3a7f0 .special-heading-inner-border{\nborder-color:#ffffff;\n}\n.av-special-heading.av-k4zg7bbq-4f989a014a4af2709c522b16b8d3a7f0 .av-subheading{\nfont-size:15px;\n}\n<\/style>\n<div  class='av-special-heading av-k4zg7bbq-4f989a014a4af2709c522b16b8d3a7f0 av-special-heading-h1 custom-color-heading blockquote modern-quote modern-centered  avia-builder-el-2  el_after_av_font_icon  avia-builder-el-last  av-linked-heading'><h1 class='av-special-heading-tag '  itemprop=\"headline\"  >SONDERTRANSPORT<\/h1><div class='av_custom_color av-subheading av-subheading_below'><p>mit P\u00fcnktlichkeit und Professionalit\u00e4t<\/p>\n<\/div><div class=\"special-heading-border\"><div class=\"special-heading-inner-border\"><\/div><\/div><\/div>\n<\/div><\/div><\/main><!-- close content main element --><\/div><\/div><\/div><div id='after_section_1'  class='main_color av_default_container_wrap container_wrap fullsize'  ><div class='container av-section-cont-open' ><div class='template-page content  av-content-full alpha units'><div class='post-entry post-entry-type-page post-entry-2656'><div class='entry-content-wrapper clearfix'>\n\n<style type=\"text\/css\" data-created_by=\"avia_inline_auto\" id=\"style-css-av-s7bw-bf49d86d6fee5566c65146dc1b90d486\">\n.flex_column.av-s7bw-bf49d86d6fee5566c65146dc1b90d486{\nborder-radius:0px 0px 0px 0px;\npadding:0px 0px 0px 0px;\n}\n<\/style>\n<div  class='flex_column av-s7bw-bf49d86d6fee5566c65146dc1b90d486 av_one_full  avia-builder-el-3  el_after_av_section  el_before_av_one_half  avia-builder-el-first  first flex_column_div av-animated-generic bottom-to-top av-zero-column-padding  '     ><section  class='av_textblock_section av-k4zdh6lg-5d5066e4e4accfa80d4ba661de6fe84e '   itemscope=\"itemscope\" itemtype=\"https:\/\/schema.org\/CreativeWork\" ><div class='avia_textblock'  itemprop=\"text\" ><p style=\"font-weight: 400; text-align: center;\">Pakettransportservice, Zustellung von dringender Korrespondenz und Provisionen verschiedener Art f\u00fcr Privatpersonen und Unternehmen. Unser spezieller Transportservice erm\u00f6glicht es Ihnen, die Bestellung, auf die Sie warten, mit maximaler Geschwindigkeit und P\u00fcnktlichkeit zu erhalten, aber auch Ihre Besorgungen mit der Unterst\u00fctzung unserer Fahrer zu erledigen, die f\u00fcr maximale Diskretion und H\u00f6flichkeit\u00a0garantieren.<\/p>\n<\/div><\/section><\/div>\n\n<style type=\"text\/css\" data-created_by=\"avia_inline_auto\" id=\"style-css-av-4gcif-3a6f75b71e4521729c1436f0b4eff5d4\">\n.flex_column.av-4gcif-3a6f75b71e4521729c1436f0b4eff5d4{\nborder-radius:0px 0px 0px 0px;\npadding:0px 0px 0px 0px;\n}\n<\/style>\n<div  class='flex_column av-4gcif-3a6f75b71e4521729c1436f0b4eff5d4 av_one_half  avia-builder-el-5  el_after_av_one_full  el_before_av_one_half  first flex_column_div av-animated-generic bottom-to-top av-zero-column-padding  column-top-margin'     ><section  class='av_textblock_section av-lfbb5sw6-1bc183c800b3e0ce418401294253fff6 '   itemscope=\"itemscope\" itemtype=\"https:\/\/schema.org\/CreativeWork\" ><div class='avia_textblock'  itemprop=\"text\" ><p style=\"font-weight: 400;\">Wir k\u00fcmmern uns um:<\/p>\n<ul>\n<li>Pakettransport<\/li>\n<li>Dringende Sendungen<\/li>\n<li>Postzustellung und -abholung<\/li>\n<li>Chauffeurservice f\u00fcr Boteng\u00e4nge verschiedenster Art<\/li>\n<\/ul>\n<\/div><\/section><\/div>\n\n<style type=\"text\/css\" data-created_by=\"avia_inline_auto\" id=\"style-css-av-3te77-42a436737153b6642040f1726754d9d5\">\n.flex_column.av-3te77-42a436737153b6642040f1726754d9d5{\nborder-radius:0px 0px 0px 0px;\npadding:0px 0px 0px 0px;\n}\n<\/style>\n<div  class='flex_column av-3te77-42a436737153b6642040f1726754d9d5 av_one_half  avia-builder-el-7  el_after_av_one_half  el_before_av_one_full  flex_column_div av-animated-generic bottom-to-top av-zero-column-padding  column-top-margin'     ><section  class='av_textblock_section av-lfbb72bo-c6232269cfb7a2643aa547eed8694fa2 '   itemscope=\"itemscope\" itemtype=\"https:\/\/schema.org\/CreativeWork\" ><div class='avia_textblock'  itemprop=\"text\" ><blockquote>\n<p style=\"font-weight: 400;\">Dank unseres speziellen Transportservices brauchen Sie Ihr Zuhause oder Ihr Unternehmen nicht mehr verlassen und k\u00f6nnen daher wertvolle Zeit in Warteschlangen und Wartezeiten vermeiden.<br \/>\n<strong>Wir garantieren Ihnen maximale Vertraulichkeit<\/strong><span style=\"font-weight: 400;\">, sorgen daf\u00fcr, dass Ihre Pakete am selben Tag und auf sichere Weise zugestellt werden und begleiten Sie bei allen Arten von Kommissionsdiensten.<\/span><\/p>\n<\/blockquote>\n<\/div><\/section><\/div>\n\n<style type=\"text\/css\" data-created_by=\"avia_inline_auto\" id=\"style-css-av-38jyv-02d054e23b1449141a7bab48eaf3a016\">\n.flex_column.av-38jyv-02d054e23b1449141a7bab48eaf3a016{\nborder-radius:0px 0px 0px 0px;\npadding:0px 0px 0px 0px;\n}\n<\/style>\n<div  class='flex_column av-38jyv-02d054e23b1449141a7bab48eaf3a016 av_one_full  avia-builder-el-9  el_after_av_one_half  el_before_av_section  avia-builder-el-last  first flex_column_div av-animated-generic bottom-to-top av-zero-column-padding  column-top-margin'     ><style type=\"text\/css\" data-created_by=\"avia_inline_auto\" id=\"style-css-av-2t86z-744c1fbb2675ec45966fe62c7e0714ba\">\n#top .av-special-heading.av-2t86z-744c1fbb2675ec45966fe62c7e0714ba{\npadding-bottom:10px;\n}\nbody .av-special-heading.av-2t86z-744c1fbb2675ec45966fe62c7e0714ba .av-special-heading-tag .heading-char{\nfont-size:25px;\n}\n.av-special-heading.av-2t86z-744c1fbb2675ec45966fe62c7e0714ba .av-subheading{\nfont-size:15px;\n}\n<\/style>\n<div  class='av-special-heading av-2t86z-744c1fbb2675ec45966fe62c7e0714ba av-special-heading-h3 blockquote classic-quote  avia-builder-el-10  avia-builder-el-no-sibling  av-linked-heading'><h3 class='av-special-heading-tag '  itemprop=\"headline\"  >Die Zustellung Ihres Pakets oder Ihrer Post wird von echten Profis abgewickelt.<\/h3><div class=\"special-heading-border\"><div class=\"special-heading-inner-border\"><\/div><\/div><\/div><\/div><\/div><\/div><\/div><!-- close content main div --><\/div><\/div>\n<style type=\"text\/css\" data-created_by=\"avia_inline_auto\" id=\"style-css-av-k4zd82dz-11-2a9a28e3c91c32e59087d0dbbd41732e\">\n.avia-section.av-k4zd82dz-11-2a9a28e3c91c32e59087d0dbbd41732e .av-parallax .av-parallax-inner{\nbackground-repeat:no-repeat;\nbackground-image:url(https:\/\/www.taxi-sprint.ch\/wp-content\/uploads\/2020\/01\/Trasporti-speciali-commissioni.jpg);\nbackground-position:50% 50%;\nbackground-attachment:scroll;\n}\n.avia-section.av-k4zd82dz-11-2a9a28e3c91c32e59087d0dbbd41732e .av-section-color-overlay{\nopacity:0.8;\nbackground-color:#ffffff;\nbackground-image:url(https:\/\/www.taxi-sprint.ch\/wp-content\/themes\/alkius\/images\/background-images\/wool-diagonal-for-light-background.png);\nbackground-repeat:repeat;\n}\n<\/style>\n<div id='av_section_2'  class='avia-section av-k4zd82dz-11-2a9a28e3c91c32e59087d0dbbd41732e main_color avia-section-no-padding avia-no-border-styling  avia-builder-el-11  el_after_av_one_full  el_before_av_one_full  avia-full-stretch av-parallax-section avia-bg-style-parallax av-section-color-overlay-active av-minimum-height av-minimum-height-40 av-height-percent  container_wrap fullsize'  data-section-bg-repeat='stretch' data-av_minimum_height_pc='40' data-av_min_height_opt='percent'><div class='av-parallax' data-avia-parallax-ratio='0.3' ><div class='av-parallax-inner main_color avia-full-stretch'><\/div><\/div><div class=\"av-section-color-overlay-wrap\"><div class=\"av-section-color-overlay\"><\/div><div class='container av-section-cont-open' ><div class='template-page content  av-content-full alpha units'><div class='post-entry post-entry-type-page post-entry-2656'><div class='entry-content-wrapper clearfix'>\n\n<style type=\"text\/css\" data-created_by=\"avia_inline_auto\" id=\"style-css-av-14f80-2991a5f91619f14803f46e08b9299966\">\n.flex_column.av-14f80-2991a5f91619f14803f46e08b9299966{\nborder-radius:0px 0px 0px 0px;\npadding:0px 0px 0px 0px;\n}\n<\/style>\n<div  class='flex_column av-14f80-2991a5f91619f14803f46e08b9299966 av_one_half  avia-builder-el-12  el_before_av_one_half  avia-builder-el-first  first flex_column_div av-zero-column-padding  '     ><\/div>\n<style type=\"text\/css\" data-created_by=\"avia_inline_auto\" id=\"style-css-av-s7bw-9-234d0c90d350dc2a860988392dbe8ca6\">\n.flex_column.av-s7bw-9-234d0c90d350dc2a860988392dbe8ca6{\nborder-radius:0px 0px 0px 0px;\npadding:3% 3% 3% 3%;\nbackground-color:rgba(255,255,255,0.9);\n}\n<\/style>\n<div  class='flex_column av-s7bw-9-234d0c90d350dc2a860988392dbe8ca6 av_one_half  avia-builder-el-13  el_after_av_one_half  avia-builder-el-last  flex_column_div av-animated-generic right-to-left  '     ><p>\n<style type=\"text\/css\" data-created_by=\"avia_inline_auto\" id=\"style-css-av-k4zes421-10-1d7cc1eb17ee5fbeaa622e97d7975528\">\n.av_font_icon.av-k4zes421-10-1d7cc1eb17ee5fbeaa622e97d7975528{\ncolor:#d4b76d;\nborder-color:#d4b76d;\n}\n.av_font_icon.av-k4zes421-10-1d7cc1eb17ee5fbeaa622e97d7975528 .av-icon-char{\nfont-size:80px;\nline-height:80px;\n}\n<\/style>\n<span  class='av_font_icon av-k4zes421-10-1d7cc1eb17ee5fbeaa622e97d7975528 avia_animate_when_visible av-icon-style- avia-icon-pos-left avia-icon-animate'><span class='av-icon-char' aria-hidden='true' data-av_icon='\uf129' data-av_iconfont='flaticon' ><\/span><\/span><br \/>\n\n<style type=\"text\/css\" data-created_by=\"avia_inline_auto\" id=\"style-css-av-k4zf9mo2-83ef8d6a85306cb0cb3851568fe065c8\">\n#top .hr.hr-invisible.av-k4zf9mo2-83ef8d6a85306cb0cb3851568fe065c8{\nmargin-top:0px;\nheight:1px;\n}\n<\/style>\n<div  class='hr av-k4zf9mo2-83ef8d6a85306cb0cb3851568fe065c8 hr-invisible  avia-builder-el-15  el_after_av_font_icon  el_before_av_heading '><span class='hr-inner '><span class=\"hr-inner-style\"><\/span><\/span><\/div><br \/>\n\n<style type=\"text\/css\" data-created_by=\"avia_inline_auto\" id=\"style-css-av-20cx3-9637190fab729be1052c840e568b47e7\">\n#top .av-special-heading.av-20cx3-9637190fab729be1052c840e568b47e7{\npadding-bottom:10px;\n}\nbody .av-special-heading.av-20cx3-9637190fab729be1052c840e568b47e7 .av-special-heading-tag .heading-char{\nfont-size:25px;\n}\n.av-special-heading.av-20cx3-9637190fab729be1052c840e568b47e7 .av-subheading{\nfont-size:15px;\n}\n<\/style>\n<div  class='av-special-heading av-20cx3-9637190fab729be1052c840e568b47e7 av-special-heading-h2 blockquote modern-quote  avia-builder-el-16  el_after_av_hr  el_before_av_textblock  av-linked-heading'><h2 class='av-special-heading-tag '  itemprop=\"headline\"  >Warum einen speziellen Transportservice in der Schweiz, in Italien und in ganz Europa w\u00e4hlen<\/h2><div class=\"special-heading-border\"><div class=\"special-heading-inner-border\"><\/div><\/div><\/div><br \/>\n<section  class='av_textblock_section av-1ejvz-b6b224fd38ed565e9da404af6706975a '   itemscope=\"itemscope\" itemtype=\"https:\/\/schema.org\/CreativeWork\" ><div class='avia_textblock'  itemprop=\"text\" ><p style=\"font-weight: 400;\">Unser <strong>Spezialtransportservice<\/strong> ist ideal f\u00fcr Unternehmen, Fachleute oder Privatpersonen, die keine Zeit verlieren m\u00f6chten und Lieferungen usw. erfahrenen Fachleuten anvertrauen m\u00f6chten.<\/p>\n<p style=\"font-weight: 400;\">Einige <strong>Vorteile<\/strong> unseren Transportdienst f\u00fcr dringende Zustellungen oder Routinebesorgungen in Anspruch zu nehmen:<\/p>\n<ul>\n<li><strong>Dank unserer erfahrenen Fahrer<\/strong> sparen Sie Zeit. Wartezeiten zu verk\u00fcrzen ist die Hauptaufgabe eines jeden Unternehmers. Deshalb entscheiden sich immer mehr Unternehmen f\u00fcr unseren exklusiven Service, wenn es um schnelle Lieferungen geht.<\/li>\n<li><strong>Wir garantieren h\u00f6chste Zuverl\u00e4ssigkeit<\/strong>: Unser Service garantiert P\u00fcnktlichkeit und h\u00f6chste Professionalit\u00e4t bei Sondertransporten und Eillieferungen.<\/li>\n<li><strong>Wir sind p\u00fcnktlich<\/strong>. Unser Paket- und Sondertransport-Service agiert schnell und ist jederzeit aktivierbar. Wir passen unser Angebot an Ihre Bed\u00fcrfnisse an und garantieren eine unverz\u00fcgliche Dienstleistung<\/li>\n<\/ul>\n<\/div><\/section><\/p><\/div>\n<\/div><\/div><\/div><!-- close content main div --><\/div><\/div><\/div><div id='after_section_2'  class='main_color av_default_container_wrap container_wrap fullsize'  ><div class='container av-section-cont-open' ><div class='template-page content  av-content-full alpha units'><div class='post-entry post-entry-type-page post-entry-2656'><div class='entry-content-wrapper clearfix'><\/p>\n<div  class='flex_column av-q4yb-1313880719b0222d6cd6f50de781b221 av_one_full  avia-builder-el-18  el_after_av_section  avia-builder-el-no-sibling  first flex_column_div  '     ><p>\n<style type=\"text\/css\" data-created_by=\"avia_inline_auto\" id=\"style-css-av-k60rqbp0-1d50427a86c216cfc5c894c0f320c953\">\n#top .av-special-heading.av-k60rqbp0-1d50427a86c216cfc5c894c0f320c953{\npadding-bottom:10px;\n}\nbody .av-special-heading.av-k60rqbp0-1d50427a86c216cfc5c894c0f320c953 .av-special-heading-tag .heading-char{\nfont-size:25px;\n}\n.av-special-heading.av-k60rqbp0-1d50427a86c216cfc5c894c0f320c953 .av-subheading{\nfont-size:15px;\n}\n<\/style>\n<div  class='av-special-heading av-k60rqbp0-1d50427a86c216cfc5c894c0f320c953 av-special-heading-h2 blockquote modern-quote modern-centered  avia-builder-el-19  el_before_av_textblock  avia-builder-el-first  av-linked-heading'><h2 class='av-special-heading-tag '  itemprop=\"headline\"  >Wie viel kostet ein Sondertransport und Eiltransport in der Schweiz, Italien, Europa<\/h2><div class=\"special-heading-border\"><div class=\"special-heading-inner-border\"><\/div><\/div><\/div><br \/>\n<section  class='av_textblock_section av-k4zdh6lg-8-a9f55e1ef506c96845c80b14466e38d3 '   itemscope=\"itemscope\" itemtype=\"https:\/\/schema.org\/CreativeWork\" ><div class='avia_textblock'  itemprop=\"text\" ><p style=\"text-align: center;\">Unser Spezialtransport-Service garantiert ein H\u00f6chstma\u00df an P\u00fcnktlichkeit und Zuverl\u00e4ssigkeit und nimmt Ihnen jede Aufgabe ab.<\/p>\n<p style=\"text-align: center;\">Fordern Sie ein unverbindliches Angebot an, indem Sie hier eine E-Mail \u00fcber das Kontaktformular senden oder den Sondertransportdienst unter 078 656 34 28 anrufen.<\/p>\n<\/div><\/section><\/p><\/div>\n","protected":false},"excerpt":{"rendered":"","protected":false},"author":1,"featured_media":0,"parent":0,"menu_order":0,"comment_status":"closed","ping_status":"closed","template":"","meta":{"footnotes":""},"class_list":["post-2656","page","type-page","status-publish","hentry"],"yoast_head":"<!-- This site is optimized with the Yoast SEO plugin v27.2 - https:\/\/yoast.com\/product\/yoast-seo-wordpress\/ -->\n<title>Sondertransporte: Pakettransportdienst f\u00fcr Privatpersonen und Firmen<\/title>\n<meta name=\"description\" content=\"Unser Spezialtransporte Service ist ideal f\u00fcr Unternehmen, Fachleute oder Privatpersonen, die keine Zeit verlieren m\u00f6chten und Lieferungen usw. erfahrenen Fachleuten anvertrauen m\u00f6chten.\" \/>\n<meta name=\"robots\" content=\"index, follow, max-snippet:-1, max-image-preview:large, max-video-preview:-1\" \/>\n<link rel=\"canonical\" href=\"https:\/\/www.taxi-sprint.ch\/de\/wp-json\/wp\/v2\/pages\/2656\" \/>\n<meta property=\"og:locale\" content=\"de_DE\" \/>\n<meta property=\"og:type\" content=\"article\" \/>\n<meta property=\"og:title\" content=\"Sondertransporte: Pakettransportdienst f\u00fcr Privatpersonen und Firmen\" \/>\n<meta property=\"og:description\" content=\"Unser Spezialtransporte Service ist ideal f\u00fcr Unternehmen, Fachleute oder Privatpersonen, die keine Zeit verlieren m\u00f6chten und Lieferungen usw. erfahrenen Fachleuten anvertrauen m\u00f6chten.\" \/>\n<meta property=\"og:url\" content=\"https:\/\/www.taxi-sprint.ch\/de\/sondertransport\/\" \/>\n<meta property=\"og:site_name\" content=\"Limousine &amp; Taxi Sprint\" \/>\n<meta property=\"article:modified_time\" content=\"2023-05-05T08:57:12+00:00\" \/>\n<meta name=\"twitter:card\" content=\"summary_large_image\" \/>\n<meta name=\"twitter:label1\" content=\"Gesch\u00e4tzte Lesezeit\" \/>\n\t<meta name=\"twitter:data1\" content=\"7\u00a0Minuten\" \/>\n<script type=\"application\/ld+json\" class=\"yoast-schema-graph\">{\"@context\":\"https:\/\/schema.org\",\"@graph\":[{\"@type\":\"WebPage\",\"@id\":\"https:\/\/www.taxi-sprint.ch\/de\/sondertransport\/\",\"url\":\"https:\/\/www.taxi-sprint.ch\/de\/sondertransport\/\",\"name\":\"Sondertransporte: Pakettransportdienst f\u00fcr Privatpersonen und Firmen\",\"isPartOf\":{\"@id\":\"https:\/\/www.taxi-sprint.ch\/#website\"},\"datePublished\":\"2020-01-04T08:54:57+00:00\",\"dateModified\":\"2023-05-05T08:57:12+00:00\",\"description\":\"Unser Spezialtransporte Service ist ideal f\u00fcr Unternehmen, Fachleute oder Privatpersonen, die keine Zeit verlieren m\u00f6chten und Lieferungen usw. erfahrenen Fachleuten anvertrauen m\u00f6chten.\",\"breadcrumb\":{\"@id\":\"https:\/\/www.taxi-sprint.ch\/de\/sondertransport\/#breadcrumb\"},\"inLanguage\":\"de\",\"potentialAction\":[{\"@type\":\"ReadAction\",\"target\":[\"https:\/\/www.taxi-sprint.ch\/de\/sondertransport\/\"]}]},{\"@type\":\"BreadcrumbList\",\"@id\":\"https:\/\/www.taxi-sprint.ch\/de\/sondertransport\/#breadcrumb\",\"itemListElement\":[{\"@type\":\"ListItem\",\"position\":1,\"name\":\"Home\",\"item\":\"https:\/\/www.taxi-sprint.ch\/home\/\"},{\"@type\":\"ListItem\",\"position\":2,\"name\":\"Sondertransport\"}]},{\"@type\":\"WebSite\",\"@id\":\"https:\/\/www.taxi-sprint.ch\/#website\",\"url\":\"https:\/\/www.taxi-sprint.ch\/\",\"name\":\"Limousine &amp; Taxi Sprint\",\"description\":\"\",\"potentialAction\":[{\"@type\":\"SearchAction\",\"target\":{\"@type\":\"EntryPoint\",\"urlTemplate\":\"https:\/\/www.taxi-sprint.ch\/?s={search_term_string}\"},\"query-input\":{\"@type\":\"PropertyValueSpecification\",\"valueRequired\":true,\"valueName\":\"search_term_string\"}}],\"inLanguage\":\"de\"}]}<\/script>\n<!-- \/ Yoast SEO plugin. -->","yoast_head_json":{"title":"Sondertransporte: Pakettransportdienst f\u00fcr Privatpersonen und Firmen","description":"Unser Spezialtransporte Service ist ideal f\u00fcr Unternehmen, Fachleute oder Privatpersonen, die keine Zeit verlieren m\u00f6chten und Lieferungen usw. erfahrenen Fachleuten anvertrauen m\u00f6chten.","robots":{"index":"index","follow":"follow","max-snippet":"max-snippet:-1","max-image-preview":"max-image-preview:large","max-video-preview":"max-video-preview:-1"},"canonical":"https:\/\/www.taxi-sprint.ch\/de\/wp-json\/wp\/v2\/pages\/2656","og_locale":"de_DE","og_type":"article","og_title":"Sondertransporte: Pakettransportdienst f\u00fcr Privatpersonen und Firmen","og_description":"Unser Spezialtransporte Service ist ideal f\u00fcr Unternehmen, Fachleute oder Privatpersonen, die keine Zeit verlieren m\u00f6chten und Lieferungen usw. erfahrenen Fachleuten anvertrauen m\u00f6chten.","og_url":"https:\/\/www.taxi-sprint.ch\/de\/sondertransport\/","og_site_name":"Limousine &amp; Taxi Sprint","article_modified_time":"2023-05-05T08:57:12+00:00","twitter_card":"summary_large_image","twitter_misc":{"Gesch\u00e4tzte Lesezeit":"7\u00a0Minuten"},"schema":{"@context":"https:\/\/schema.org","@graph":[{"@type":"WebPage","@id":"https:\/\/www.taxi-sprint.ch\/de\/sondertransport\/","url":"https:\/\/www.taxi-sprint.ch\/de\/sondertransport\/","name":"Sondertransporte: Pakettransportdienst f\u00fcr Privatpersonen und Firmen","isPartOf":{"@id":"https:\/\/www.taxi-sprint.ch\/#website"},"datePublished":"2020-01-04T08:54:57+00:00","dateModified":"2023-05-05T08:57:12+00:00","description":"Unser Spezialtransporte Service ist ideal f\u00fcr Unternehmen, Fachleute oder Privatpersonen, die keine Zeit verlieren m\u00f6chten und Lieferungen usw. erfahrenen Fachleuten anvertrauen m\u00f6chten.","breadcrumb":{"@id":"https:\/\/www.taxi-sprint.ch\/de\/sondertransport\/#breadcrumb"},"inLanguage":"de","potentialAction":[{"@type":"ReadAction","target":["https:\/\/www.taxi-sprint.ch\/de\/sondertransport\/"]}]},{"@type":"BreadcrumbList","@id":"https:\/\/www.taxi-sprint.ch\/de\/sondertransport\/#breadcrumb","itemListElement":[{"@type":"ListItem","position":1,"name":"Home","item":"https:\/\/www.taxi-sprint.ch\/home\/"},{"@type":"ListItem","position":2,"name":"Sondertransport"}]},{"@type":"WebSite","@id":"https:\/\/www.taxi-sprint.ch\/#website","url":"https:\/\/www.taxi-sprint.ch\/","name":"Limousine &amp; Taxi Sprint","description":"","potentialAction":[{"@type":"SearchAction","target":{"@type":"EntryPoint","urlTemplate":"https:\/\/www.taxi-sprint.ch\/?s={search_term_string}"},"query-input":{"@type":"PropertyValueSpecification","valueRequired":true,"valueName":"search_term_string"}}],"inLanguage":"de"}]}},"_links":{"self":[{"href":"https:\/\/www.taxi-sprint.ch\/de\/wp-json\/wp\/v2\/pages\/2656","targetHints":{"allow":["GET"]}}],"collection":[{"href":"https:\/\/www.taxi-sprint.ch\/de\/wp-json\/wp\/v2\/pages"}],"about":[{"href":"https:\/\/www.taxi-sprint.ch\/de\/wp-json\/wp\/v2\/types\/page"}],"author":[{"embeddable":true,"href":"https:\/\/www.taxi-sprint.ch\/de\/wp-json\/wp\/v2\/users\/1"}],"replies":[{"embeddable":true,"href":"https:\/\/www.taxi-sprint.ch\/de\/wp-json\/wp\/v2\/comments?post=2656"}],"version-history":[{"count":3,"href":"https:\/\/www.taxi-sprint.ch\/de\/wp-json\/wp\/v2\/pages\/2656\/revisions"}],"predecessor-version":[{"id":2680,"href":"https:\/\/www.taxi-sprint.ch\/de\/wp-json\/wp\/v2\/pages\/2656\/revisions\/2680"}],"wp:attachment":[{"href":"https:\/\/www.taxi-sprint.ch\/de\/wp-json\/wp\/v2\/media?parent=2656"}],"curies":[{"name":"wp","href":"https:\/\/api.w.org\/{rel}","templated":true}]}}