{"id":2687,"date":"2020-01-04T09:51:42","date_gmt":"2020-01-04T08:51:42","guid":{"rendered":"https:\/\/www.taxi-sprint.ch\/contatti\/"},"modified":"2024-03-08T12:32:57","modified_gmt":"2024-03-08T11:32:57","slug":"kontakte","status":"publish","type":"page","link":"https:\/\/www.taxi-sprint.ch\/de\/kontakte\/","title":{"rendered":"Kontakte"},"content":{"rendered":"\n<style type=\"text\/css\" data-created_by=\"avia_inline_auto\" id=\"style-css-av-k4zd82dz-45ab4bca28d8824f20de6584758bd11a\">\n.avia-section.av-k4zd82dz-45ab4bca28d8824f20de6584758bd11a .av-parallax .av-parallax-inner{\nbackground-repeat:no-repeat;\nbackground-image:url(https:\/\/www.taxi-sprint.ch\/wp-content\/uploads\/2020\/01\/Noleggio-Maserati.jpg);\nbackground-position:50% 50%;\nbackground-attachment:scroll;\n}\n.avia-section.av-k4zd82dz-45ab4bca28d8824f20de6584758bd11a .av-section-color-overlay{\nopacity:0.7;\nbackground-color:#000000;\n}\n#top .avia-section.av-k4zd82dz-45ab4bca28d8824f20de6584758bd11a .scroll-down-link{\ncolor:#d4b76d;\n}\n<\/style>\n<div id='av_section_1'  class='avia-section av-k4zd82dz-45ab4bca28d8824f20de6584758bd11a main_color avia-section-default avia-no-border-styling  avia-builder-el-0  el_before_av_two_fifth  avia-builder-el-first  avia-full-stretch av-parallax-section avia-bg-style-parallax av-section-color-overlay-active av-minimum-height av-minimum-height-40 av-height-percent  container_wrap fullsize'  data-section-bg-repeat='stretch' data-av_minimum_height_pc='40' data-av_min_height_opt='percent'><div class='av-parallax' data-avia-parallax-ratio='0.3' ><div class='av-parallax-inner main_color avia-full-stretch'><\/div><\/div><div class=\"av-section-color-overlay-wrap\"><div class=\"av-section-color-overlay\"><\/div><a href='#next-section' title='' class='scroll-down-link av-custom-scroll-down-color' aria-hidden='true' data-av_icon='\ue877' data-av_iconfont='entypo-fontello'><\/a><div class='container av-section-cont-open' ><main  role=\"main\" itemprop=\"mainContentOfPage\"  class='template-page content  av-content-full alpha units'><div class='post-entry post-entry-type-page post-entry-2687'><div class='entry-content-wrapper clearfix'>\n\n<style type=\"text\/css\" data-created_by=\"avia_inline_auto\" id=\"style-css-av-k4zes421-c94ac416256878adf6b77c71d9cf20e4\">\n.av_font_icon.av-k4zes421-c94ac416256878adf6b77c71d9cf20e4{\ncolor:#d4b76d;\nborder-color:#d4b76d;\n}\n.av_font_icon.av-k4zes421-c94ac416256878adf6b77c71d9cf20e4 .av-icon-char{\nfont-size:80px;\nline-height:80px;\n}\n<\/style>\n<span  class='av_font_icon av-k4zes421-c94ac416256878adf6b77c71d9cf20e4 avia_animate_when_visible av-icon-style- avia-icon-pos-center avia-icon-animate'><span class='av-icon-char' aria-hidden='true' data-av_icon='\uf102' data-av_iconfont='flaticon' ><\/span><\/span>\n\n<style type=\"text\/css\" data-created_by=\"avia_inline_auto\" id=\"style-css-av-k60rale8-a0c212771dfdd55d829782a94be6f9ab\">\n#top .av-special-heading.av-k60rale8-a0c212771dfdd55d829782a94be6f9ab{\npadding-bottom:10px;\ncolor:#ffffff;\n}\nbody .av-special-heading.av-k60rale8-a0c212771dfdd55d829782a94be6f9ab .av-special-heading-tag .heading-char{\nfont-size:25px;\n}\n.av-special-heading.av-k60rale8-a0c212771dfdd55d829782a94be6f9ab .special-heading-inner-border{\nborder-color:#ffffff;\n}\n.av-special-heading.av-k60rale8-a0c212771dfdd55d829782a94be6f9ab .av-subheading{\nfont-size:15px;\n}\n<\/style>\n<div  class='av-special-heading av-k60rale8-a0c212771dfdd55d829782a94be6f9ab av-special-heading-h1 custom-color-heading blockquote modern-quote modern-centered  avia-builder-el-2  el_after_av_font_icon  avia-builder-el-last  av-linked-heading'><h1 class='av-special-heading-tag '  itemprop=\"headline\"  >Kontakte<\/h1><div class='av_custom_color av-subheading av-subheading_below'><p>Dank Limousinen-Taxi-Service steht Ihnen eine gro\u00dfe Auswahl f\u00fcr Ihre Transfers zur Verf\u00fcgung<\/p>\n<\/div><div class=\"special-heading-border\"><div class=\"special-heading-inner-border\"><\/div><\/div><\/div>\n<\/div><\/div><\/main><!-- close content main element --><\/div><\/div><\/div><div id='after_section_1'  class='main_color av_default_container_wrap container_wrap fullsize'  ><div class='container av-section-cont-open' ><div class='template-page content  av-content-full alpha units'><div class='post-entry post-entry-type-page post-entry-2687'><div class='entry-content-wrapper clearfix'>\n\n<style type=\"text\/css\" data-created_by=\"avia_inline_auto\" id=\"style-css-av-q4qe-fda8b3bcb29721fc89e9045e58188356\">\n.flex_column.av-q4qe-fda8b3bcb29721fc89e9045e58188356{\nborder-radius:0px 0px 0px 0px;\npadding:0px 0px 0px 0px;\n}\n<\/style>\n<div  class='flex_column av-q4qe-fda8b3bcb29721fc89e9045e58188356 av_two_fifth  avia-builder-el-3  el_after_av_section  el_before_av_three_fifth  avia-builder-el-first  first flex_column_div av-zero-column-padding  '     ><p>\n<style type=\"text\/css\" data-created_by=\"avia_inline_auto\" id=\"style-css-av-3oot-d41ab848deda82f777fc9348b4b978e3\">\n#top .av-special-heading.av-3oot-d41ab848deda82f777fc9348b4b978e3{\npadding-bottom:10px;\n}\nbody .av-special-heading.av-3oot-d41ab848deda82f777fc9348b4b978e3 .av-special-heading-tag .heading-char{\nfont-size:25px;\n}\n.av-special-heading.av-3oot-d41ab848deda82f777fc9348b4b978e3 .av-subheading{\nfont-size:15px;\n}\n<\/style>\n<div  class='av-special-heading av-3oot-d41ab848deda82f777fc9348b4b978e3 av-special-heading-h2 blockquote modern-quote  avia-builder-el-4  el_before_av_hr  avia-builder-el-first  av-linked-heading'><h2 class='av-special-heading-tag '  itemprop=\"headline\"  >Unsere Kontakte<\/h2><div class=\"special-heading-border\"><div class=\"special-heading-inner-border\"><\/div><\/div><\/div><br \/>\n\n<style type=\"text\/css\" data-created_by=\"avia_inline_auto\" id=\"style-css-av-k56yjidn-c2cf680380c54b1750209086c42cfe46\">\n#top .hr.av-k56yjidn-c2cf680380c54b1750209086c42cfe46{\nmargin-top:30px;\nmargin-bottom:30px;\n}\n.hr.av-k56yjidn-c2cf680380c54b1750209086c42cfe46 .hr-inner{\nwidth:100px;\nborder-color:#000000;\nmax-width:45%;\n}\n<\/style>\n<div  class='hr av-k56yjidn-c2cf680380c54b1750209086c42cfe46 hr-custom  avia-builder-el-5  el_after_av_heading  el_before_av_textblock  hr-left hr-icon-yes'><span class='hr-inner inner-border-av-border-thin'><span class=\"hr-inner-style\"><\/span><\/span><span class='av-seperator-icon' aria-hidden='true' data-av_icon='\uf101' data-av_iconfont='flaticon'><\/span><span class='hr-inner inner-border-av-border-thin'><span class=\"hr-inner-style\"><\/span><\/span><\/div><br \/>\n<section  class='av_textblock_section av-k56uas9f-42ad27bfb974d859eea52f25362847c5 '   itemscope=\"itemscope\" itemtype=\"https:\/\/schema.org\/CreativeWork\" ><div class='avia_textblock'  itemprop=\"text\" ><ul>\n<li><strong>B\u00fcro<\/strong><br \/>\n+41 78 656 34 28<br \/>\ninfo@taxi-sprint.ch\u200b<\/li>\n<\/ul>\n<\/div><\/section><br \/>\n\n<style type=\"text\/css\" data-created_by=\"avia_inline_auto\" id=\"style-css-av-k56yjidn-3-255d86df024cd79ad37f7130c7f8159d\">\n#top .hr.av-k56yjidn-3-255d86df024cd79ad37f7130c7f8159d{\nmargin-top:30px;\nmargin-bottom:30px;\n}\n.hr.av-k56yjidn-3-255d86df024cd79ad37f7130c7f8159d .hr-inner{\nwidth:100px;\nborder-color:#000000;\nmax-width:45%;\n}\n<\/style>\n<div  class='hr av-k56yjidn-3-255d86df024cd79ad37f7130c7f8159d hr-custom  avia-builder-el-7  el_after_av_textblock  el_before_av_textblock  hr-left hr-icon-yes'><span class='hr-inner inner-border-av-border-thin'><span class=\"hr-inner-style\"><\/span><\/span><span class='av-seperator-icon' aria-hidden='true' data-av_icon='\uf101' data-av_iconfont='flaticon'><\/span><span class='hr-inner inner-border-av-border-thin'><span class=\"hr-inner-style\"><\/span><\/span><\/div><br \/>\n<section  class='av_textblock_section av-k56uas9f-2-b89dd3aa2af6aaaef3dafd8cb134717e '   itemscope=\"itemscope\" itemtype=\"https:\/\/schema.org\/CreativeWork\" ><div class='avia_textblock'  itemprop=\"text\" ><ul>\n<li><strong>VERWALTUNGSSITZ<\/strong><br \/>\nLIMOUSINE &#038; TAXI SPRINT<br \/>\nCanton Ticino<br \/>\nSwizerland<\/li>\n<\/ul>\n<p style=\"text-align: left;\"><em>\u00a0<\/em><\/p>\n<p style=\"text-align: center;\"><em>\u00a0<\/em><\/p>\n<\/div><\/section><\/p><\/div>\n<style type=\"text\/css\" data-created_by=\"avia_inline_auto\" id=\"style-css-av-q4qe-4-049ffd0148e78e994c62db81a9ead307\">\n.flex_column.av-q4qe-4-049ffd0148e78e994c62db81a9ead307{\nborder-radius:0px 0px 0px 0px;\npadding:0px 0px 0px 0px;\n}\n<\/style>\n<div  class='flex_column av-q4qe-4-049ffd0148e78e994c62db81a9ead307 av_three_fifth  avia-builder-el-9  el_after_av_two_fifth  avia-builder-el-last  flex_column_div av-zero-column-padding  '     ><p>\n<style type=\"text\/css\" data-created_by=\"avia_inline_auto\" id=\"style-css-av-k5qx8v6r-ba8b797d624085f6b22c6d9dea6cc738\">\n#top .av-special-heading.av-k5qx8v6r-ba8b797d624085f6b22c6d9dea6cc738{\npadding-bottom:10px;\n}\nbody .av-special-heading.av-k5qx8v6r-ba8b797d624085f6b22c6d9dea6cc738 .av-special-heading-tag .heading-char{\nfont-size:25px;\n}\n.av-special-heading.av-k5qx8v6r-ba8b797d624085f6b22c6d9dea6cc738 .av-subheading{\nfont-size:15px;\n}\n<\/style>\n<div  class='av-special-heading av-k5qx8v6r-ba8b797d624085f6b22c6d9dea6cc738 av-special-heading-h2 blockquote modern-quote  avia-builder-el-10  el_before_av_textblock  avia-builder-el-first  av-linked-heading'><h2 class='av-special-heading-tag '  itemprop=\"headline\"  >F\u00fcllen Sie das Kontaktformular aus<\/h2><div class=\"special-heading-border\"><div class=\"special-heading-inner-border\"><\/div><\/div><\/div><br \/>\n<section  class='av_textblock_section av-k56uas9f-1-07ead3530c2b1a85c49f7408839d9ea6 '   itemscope=\"itemscope\" itemtype=\"https:\/\/schema.org\/CreativeWork\" ><div class='avia_textblock'  itemprop=\"text\" >\n<div class=\"wpcf7 no-js\" id=\"wpcf7-f2689-o1\" lang=\"it-IT\" dir=\"ltr\" data-wpcf7-id=\"2689\">\n<div class=\"screen-reader-response\"><p role=\"status\" aria-live=\"polite\" aria-atomic=\"true\"><\/p> <ul><\/ul><\/div>\n<form action=\"\/de\/wp-json\/wp\/v2\/pages\/2687#wpcf7-f2689-o1\" method=\"post\" class=\"wpcf7-form init\" aria-label=\"Modulo di contatto\" novalidate=\"novalidate\" data-status=\"init\">\n<fieldset class=\"hidden-fields-container\"><input type=\"hidden\" name=\"_wpcf7\" value=\"2689\" \/><input type=\"hidden\" name=\"_wpcf7_version\" value=\"6.1.2\" \/><input type=\"hidden\" name=\"_wpcf7_locale\" value=\"it_IT\" \/><input type=\"hidden\" name=\"_wpcf7_unit_tag\" value=\"wpcf7-f2689-o1\" \/><input type=\"hidden\" name=\"_wpcf7_container_post\" value=\"0\" \/><input type=\"hidden\" name=\"_wpcf7_posted_data_hash\" value=\"\" \/><input type=\"hidden\" name=\"_wpcf7_recaptcha_response\" value=\"\" \/>\n<\/fieldset>\n<p><label> Vor- und Nachname (Pflichtfeld)<br \/>\n<span class=\"wpcf7-form-control-wrap\" data-name=\"your-name\"><input size=\"40\" maxlength=\"400\" class=\"wpcf7-form-control wpcf7-text wpcf7-validates-as-required\" aria-required=\"true\" aria-invalid=\"false\" value=\"\" type=\"text\" name=\"your-name\" \/><\/span> <\/label>\n<\/p>\n<p><label> Telefonnummer (Pflichtfeld)<br \/>\n<span class=\"wpcf7-form-control-wrap\" data-name=\"telefono\"><input size=\"40\" maxlength=\"400\" class=\"wpcf7-form-control wpcf7-text wpcf7-validates-as-required\" aria-required=\"true\" aria-invalid=\"false\" value=\"\" type=\"text\" name=\"telefono\" \/><\/span> <\/label>\n<\/p>\n<p><label> Ihre E-Mail (Pflichtfeld)<br \/>\n<span class=\"wpcf7-form-control-wrap\" data-name=\"your-email\"><input size=\"40\" maxlength=\"400\" class=\"wpcf7-form-control wpcf7-email wpcf7-validates-as-required wpcf7-text wpcf7-validates-as-email\" aria-required=\"true\" aria-invalid=\"false\" value=\"\" type=\"email\" name=\"your-email\" \/><\/span> <\/label>\n<\/p>\n<p><label> W\u00e4hlen Sie die Art des Dienstes aus <\/label><br \/>\n<span class=\"wpcf7-form-control-wrap\" data-name=\"checkbox-103\"><span class=\"wpcf7-form-control wpcf7-checkbox\"><span class=\"wpcf7-list-item first\"><input type=\"checkbox\" name=\"checkbox-103[]\" value=\"Premium Auto 4 Personen\" \/><span class=\"wpcf7-list-item-label\">Premium Auto 4 Personen<\/span><\/span><span class=\"wpcf7-list-item\"><input type=\"checkbox\" name=\"checkbox-103[]\" value=\"Business Auto 3 Personen Business\" \/><span class=\"wpcf7-list-item-label\">Business Auto 3 Personen Business<\/span><\/span><span class=\"wpcf7-list-item\"><input type=\"checkbox\" name=\"checkbox-103[]\" value=\"Van 7 Personen\" \/><span class=\"wpcf7-list-item-label\">Van 7 Personen<\/span><\/span><span class=\"wpcf7-list-item last\"><input type=\"checkbox\" name=\"checkbox-103[]\" value=\"Minibus und Bus von 8 bis 70 Personen\" \/><span class=\"wpcf7-list-item-label\">Minibus und Bus von 8 bis 70 Personen<\/span><\/span><\/span><\/span>\n<\/p>\n<p><label> Nachricht<br \/>\n<span class=\"wpcf7-form-control-wrap\" data-name=\"your-message\"><textarea cols=\"40\" rows=\"10\" maxlength=\"2000\" class=\"wpcf7-form-control wpcf7-textarea\" aria-invalid=\"false\" name=\"your-message\"><\/textarea><\/span> <\/label>\n<\/p>\n<p>ZUSTIMMUNG DES INTERESSIERTEN ZUR VERARBEITUNG PERSONENBEZOGENER DATEN<br \/>\nGem\u00e4\u00df Art. 7 der EU-Verordnung 2016\/679 erm\u00e4chtige ich TAXI SPRINT, meine personenbezogenen Daten zu verarbeiten und nach meiner Anfrage erneut kontaktiert zu werden, um Informationen zu erhalten, auch in Bezug auf Produkte\/Dienstleistungen und f\u00fcr interne Betriebs- oder Verwaltungsbed\u00fcrfnisse.\n<\/p>\n<p><span class=\"wpcf7-form-control-wrap\" data-name=\"alkius_accettazione\"><span class=\"wpcf7-form-control wpcf7-acceptance\"><span class=\"wpcf7-list-item\"><label><input type=\"checkbox\" name=\"alkius_accettazione\" value=\"1\" aria-invalid=\"false\" \/><span class=\"wpcf7-list-item-label\">Ich stimme zu  | <a href=\"\/de\/privacy-policy\/\"target=\"_blank\"> Privatsph\u00e4re <\/a><\/span><\/label><\/span><\/span><\/span>\n<\/p>\n<p><input class=\"wpcf7-form-control wpcf7-submit has-spinner\" type=\"submit\" value=\"Senden\" \/>\n<\/p><div class=\"wpcf7-response-output\" aria-hidden=\"true\"><\/div>\n<\/form>\n<\/div>\n\n<\/div><\/section><\/p><\/div><\/p>\n","protected":false},"excerpt":{"rendered":"","protected":false},"author":1,"featured_media":0,"parent":0,"menu_order":0,"comment_status":"closed","ping_status":"closed","template":"","meta":{"footnotes":""},"class_list":["post-2687","page","type-page","status-publish","hentry"],"yoast_head":"<!-- This site is optimized with the Yoast SEO plugin v27.2 - https:\/\/yoast.com\/product\/yoast-seo-wordpress\/ -->\n<title>Kontakte - Limousine &amp; Taxi Sprint - Bellinzona<\/title>\n<meta name=\"description\" content=\"Dank Limousinen-Taxi-Service steht Ihnen eine gro\u00dfe Auswahl f\u00fcr Ihre Transfers zur Verf\u00fcgung\" \/>\n<meta name=\"robots\" content=\"index, follow, max-snippet:-1, max-image-preview:large, max-video-preview:-1\" \/>\n<link rel=\"canonical\" href=\"https:\/\/www.taxi-sprint.ch\/de\/wp-json\/wp\/v2\/pages\/2687\" \/>\n<meta property=\"og:locale\" content=\"de_DE\" \/>\n<meta property=\"og:type\" content=\"article\" \/>\n<meta property=\"og:title\" content=\"Kontakte - Limousine &amp; Taxi Sprint - Bellinzona\" \/>\n<meta property=\"og:description\" content=\"Dank Limousinen-Taxi-Service steht Ihnen eine gro\u00dfe Auswahl f\u00fcr Ihre Transfers zur Verf\u00fcgung\" \/>\n<meta property=\"og:url\" content=\"https:\/\/www.taxi-sprint.ch\/de\/kontakte\/\" \/>\n<meta property=\"og:site_name\" content=\"Limousine &amp; Taxi Sprint\" \/>\n<meta property=\"article:modified_time\" content=\"2024-03-08T11:32:57+00:00\" \/>\n<meta name=\"twitter:card\" content=\"summary_large_image\" \/>\n<meta name=\"twitter:label1\" content=\"Gesch\u00e4tzte Lesezeit\" \/>\n\t<meta name=\"twitter:data1\" content=\"1\u00a0Minute\" \/>\n<script type=\"application\/ld+json\" class=\"yoast-schema-graph\">{\"@context\":\"https:\/\/schema.org\",\"@graph\":[{\"@type\":\"WebPage\",\"@id\":\"https:\/\/www.taxi-sprint.ch\/de\/kontakte\/\",\"url\":\"https:\/\/www.taxi-sprint.ch\/de\/kontakte\/\",\"name\":\"Kontakte - Limousine &amp; Taxi Sprint - Bellinzona\",\"isPartOf\":{\"@id\":\"https:\/\/www.taxi-sprint.ch\/#website\"},\"datePublished\":\"2020-01-04T08:51:42+00:00\",\"dateModified\":\"2024-03-08T11:32:57+00:00\",\"description\":\"Dank Limousinen-Taxi-Service steht Ihnen eine gro\u00dfe Auswahl f\u00fcr Ihre Transfers zur Verf\u00fcgung\",\"breadcrumb\":{\"@id\":\"https:\/\/www.taxi-sprint.ch\/de\/kontakte\/#breadcrumb\"},\"inLanguage\":\"de\",\"potentialAction\":[{\"@type\":\"ReadAction\",\"target\":[\"https:\/\/www.taxi-sprint.ch\/de\/kontakte\/\"]}]},{\"@type\":\"BreadcrumbList\",\"@id\":\"https:\/\/www.taxi-sprint.ch\/de\/kontakte\/#breadcrumb\",\"itemListElement\":[{\"@type\":\"ListItem\",\"position\":1,\"name\":\"Home\",\"item\":\"https:\/\/www.taxi-sprint.ch\/home\/\"},{\"@type\":\"ListItem\",\"position\":2,\"name\":\"Kontakte\"}]},{\"@type\":\"WebSite\",\"@id\":\"https:\/\/www.taxi-sprint.ch\/#website\",\"url\":\"https:\/\/www.taxi-sprint.ch\/\",\"name\":\"Limousine &amp; Taxi Sprint\",\"description\":\"\",\"potentialAction\":[{\"@type\":\"SearchAction\",\"target\":{\"@type\":\"EntryPoint\",\"urlTemplate\":\"https:\/\/www.taxi-sprint.ch\/?s={search_term_string}\"},\"query-input\":{\"@type\":\"PropertyValueSpecification\",\"valueRequired\":true,\"valueName\":\"search_term_string\"}}],\"inLanguage\":\"de\"}]}<\/script>\n<!-- \/ Yoast SEO plugin. -->","yoast_head_json":{"title":"Kontakte - Limousine &amp; Taxi Sprint - Bellinzona","description":"Dank Limousinen-Taxi-Service steht Ihnen eine gro\u00dfe Auswahl f\u00fcr Ihre Transfers zur Verf\u00fcgung","robots":{"index":"index","follow":"follow","max-snippet":"max-snippet:-1","max-image-preview":"max-image-preview:large","max-video-preview":"max-video-preview:-1"},"canonical":"https:\/\/www.taxi-sprint.ch\/de\/wp-json\/wp\/v2\/pages\/2687","og_locale":"de_DE","og_type":"article","og_title":"Kontakte - Limousine &amp; Taxi Sprint - Bellinzona","og_description":"Dank Limousinen-Taxi-Service steht Ihnen eine gro\u00dfe Auswahl f\u00fcr Ihre Transfers zur Verf\u00fcgung","og_url":"https:\/\/www.taxi-sprint.ch\/de\/kontakte\/","og_site_name":"Limousine &amp; Taxi Sprint","article_modified_time":"2024-03-08T11:32:57+00:00","twitter_card":"summary_large_image","twitter_misc":{"Gesch\u00e4tzte Lesezeit":"1\u00a0Minute"},"schema":{"@context":"https:\/\/schema.org","@graph":[{"@type":"WebPage","@id":"https:\/\/www.taxi-sprint.ch\/de\/kontakte\/","url":"https:\/\/www.taxi-sprint.ch\/de\/kontakte\/","name":"Kontakte - Limousine &amp; Taxi Sprint - Bellinzona","isPartOf":{"@id":"https:\/\/www.taxi-sprint.ch\/#website"},"datePublished":"2020-01-04T08:51:42+00:00","dateModified":"2024-03-08T11:32:57+00:00","description":"Dank Limousinen-Taxi-Service steht Ihnen eine gro\u00dfe Auswahl f\u00fcr Ihre Transfers zur Verf\u00fcgung","breadcrumb":{"@id":"https:\/\/www.taxi-sprint.ch\/de\/kontakte\/#breadcrumb"},"inLanguage":"de","potentialAction":[{"@type":"ReadAction","target":["https:\/\/www.taxi-sprint.ch\/de\/kontakte\/"]}]},{"@type":"BreadcrumbList","@id":"https:\/\/www.taxi-sprint.ch\/de\/kontakte\/#breadcrumb","itemListElement":[{"@type":"ListItem","position":1,"name":"Home","item":"https:\/\/www.taxi-sprint.ch\/home\/"},{"@type":"ListItem","position":2,"name":"Kontakte"}]},{"@type":"WebSite","@id":"https:\/\/www.taxi-sprint.ch\/#website","url":"https:\/\/www.taxi-sprint.ch\/","name":"Limousine &amp; Taxi Sprint","description":"","potentialAction":[{"@type":"SearchAction","target":{"@type":"EntryPoint","urlTemplate":"https:\/\/www.taxi-sprint.ch\/?s={search_term_string}"},"query-input":{"@type":"PropertyValueSpecification","valueRequired":true,"valueName":"search_term_string"}}],"inLanguage":"de"}]}},"_links":{"self":[{"href":"https:\/\/www.taxi-sprint.ch\/de\/wp-json\/wp\/v2\/pages\/2687","targetHints":{"allow":["GET"]}}],"collection":[{"href":"https:\/\/www.taxi-sprint.ch\/de\/wp-json\/wp\/v2\/pages"}],"about":[{"href":"https:\/\/www.taxi-sprint.ch\/de\/wp-json\/wp\/v2\/types\/page"}],"author":[{"embeddable":true,"href":"https:\/\/www.taxi-sprint.ch\/de\/wp-json\/wp\/v2\/users\/1"}],"replies":[{"embeddable":true,"href":"https:\/\/www.taxi-sprint.ch\/de\/wp-json\/wp\/v2\/comments?post=2687"}],"version-history":[{"count":4,"href":"https:\/\/www.taxi-sprint.ch\/de\/wp-json\/wp\/v2\/pages\/2687\/revisions"}],"predecessor-version":[{"id":2910,"href":"https:\/\/www.taxi-sprint.ch\/de\/wp-json\/wp\/v2\/pages\/2687\/revisions\/2910"}],"wp:attachment":[{"href":"https:\/\/www.taxi-sprint.ch\/de\/wp-json\/wp\/v2\/media?parent=2687"}],"curies":[{"name":"wp","href":"https:\/\/api.w.org\/{rel}","templated":true}]}}