{"id":2763,"date":"2019-12-03T09:08:35","date_gmt":"2019-12-03T08:08:35","guid":{"rendered":"https:\/\/www.taxi-sprint.ch\/home\/"},"modified":"2023-10-06T09:37:13","modified_gmt":"2023-10-06T07:37:13","slug":"home","status":"publish","type":"page","link":"https:\/\/www.taxi-sprint.ch\/de\/home\/","title":{"rendered":"Home"},"content":{"rendered":"<div id='av-layout-grid-1'  class='av-layout-grid-container av-lfctr2w8-c355d57036cd28c1a64623441aaaf5b5 entry-content-wrapper main_color av-flex-cells  avia-builder-el-0  el_before_av_layerslider  avia-builder-el-first  av-desktop-hide av-medium-hide container_wrap fullsize'  >\n\n<style type=\"text\/css\" data-created_by=\"avia_inline_auto\" id=\"style-css-av-lfctqr11-e228e66051cc29e4cfe452e9dba7e343\">\n.flex_cell.av-lfctqr11-e228e66051cc29e4cfe452e9dba7e343{\nvertical-align:middle;\n}\n.responsive #top #wrap_all .flex_cell.av-lfctqr11-e228e66051cc29e4cfe452e9dba7e343{\npadding:0px 0px 0px 0px !important;\n}\n\n@media only screen and (min-width: 990px){ \n.responsive #top #wrap_all .flex_cell.av-lfctqr11-e228e66051cc29e4cfe452e9dba7e343{\npadding:0 0 0 0 !important;\n}\n}\n<\/style>\n<div class='flex_cell av-lfctqr11-e228e66051cc29e4cfe452e9dba7e343 av-gridrow-cell av_one_full no_margin  avia-builder-el-1  avia-builder-el-no-sibling  av-zero-padding'  ><div class='flex_cell_inner'><p>\n<style type=\"text\/css\" data-created_by=\"avia_inline_auto\" id=\"style-css-av-p8a9-fdf00b57ce7321251ff4db740bbe6a66\">\n.avia-image-container.av-p8a9-fdf00b57ce7321251ff4db740bbe6a66 img.avia_image{\nbox-shadow:none;\n}\n.avia-image-container.av-p8a9-fdf00b57ce7321251ff4db740bbe6a66 .av-image-caption-overlay-center{\ncolor:#ffffff;\n}\n<\/style>\n<div  class='avia-image-container av-p8a9-fdf00b57ce7321251ff4db740bbe6a66 av-styling- avia-align-center  avia-builder-el-2  el_before_av_button_big  avia-builder-el-no-sibling  skip-lazy'   itemprop=\"image\" itemscope=\"itemscope\" itemtype=\"https:\/\/schema.org\/ImageObject\" ><div class=\"avia-image-container-inner\"><div class=\"avia-image-overlay-wrap\"><img decoding=\"async\" fetchpriority=\"high\" class='wp-image-2644 avia-img-lazy-loading-not-2644 avia_image ' src=\"https:\/\/www.taxi-sprint.ch\/wp-content\/uploads\/2023\/04\/Limousine-Taxi-Bellinzona-Svizzera-OK.jpg\" alt='Limousine Taxi Bellinzona Svizzera OK' title='Limousine Taxi Bellinzona Svizzera OK'  height=\"615\" width=\"1000\"  itemprop=\"thumbnailUrl\" srcset=\"https:\/\/www.taxi-sprint.ch\/wp-content\/uploads\/2023\/04\/Limousine-Taxi-Bellinzona-Svizzera-OK.jpg 1000w, https:\/\/www.taxi-sprint.ch\/wp-content\/uploads\/2023\/04\/Limousine-Taxi-Bellinzona-Svizzera-OK-300x185.jpg 300w, https:\/\/www.taxi-sprint.ch\/wp-content\/uploads\/2023\/04\/Limousine-Taxi-Bellinzona-Svizzera-OK-768x472.jpg 768w, https:\/\/www.taxi-sprint.ch\/wp-content\/uploads\/2023\/04\/Limousine-Taxi-Bellinzona-Svizzera-OK-705x434.jpg 705w\" sizes=\"(max-width: 1000px) 100vw, 1000px\" \/><\/div><\/div><\/div><br \/>\n<div  class='avia-button-wrap avia-button-center  avia-builder-el-3  el_after_av_image  avia-builder-el-last '>\n<style type=\"text\/css\" data-created_by=\"avia_inline_auto\" id=\"style-css-av-lfct4z8z-585d976a94cf3351fd5a0006e831e8b2\">\n#top #wrap_all .avia-button.av-lfct4z8z-585d976a94cf3351fd5a0006e831e8b2{\nfont-size:22px;\n}\n#top #wrap_all .avia-button.av-lfct4z8z-585d976a94cf3351fd5a0006e831e8b2:hover{\ncolor:white;\ntransition:all 0.4s ease-in-out;\n}\n<\/style>\n<a href='tel:+41786563428' class='avia-color-theme-color avia-font-color-theme-color avia-button avia-button-fullwidth av-lfct4z8z-585d976a94cf3351fd5a0006e831e8b2 avia-icon_select-yes-left-icon avia-color-theme-color' target=\"_blank\" rel=\"noopener noreferrer\" aria-label=\"Buchen Sie jetzt Ihr Limousinen-Taxi\"><span class='avia_button_icon avia_button_icon_left' aria-hidden='true' data-av_icon='\ue854' data-av_iconfont='entypo-fontello'><\/span><span class='avia_iconbox_title' >Buchen Sie jetzt Ihr Limousinen-Taxi<\/span><span class='avia_button_background avia-button avia-button-fullwidth avia-color-theme-color-highlight'><\/span><\/a><\/div><\/p>\n<\/div><\/div>\n<\/div>\n<div id='layer_slider_1'  class='avia-layerslider main_color avia-shadow  avia-builder-el-4  el_after_av_layout_row  el_before_av_one_full  slider-not-first container_wrap fullsize'  style='height: 701px;'  ><\/div><div id='after_layer_slider_1'  class='main_color av_default_container_wrap container_wrap fullsize'  ><div class='container av-section-cont-open' ><div class='template-page content  av-content-full alpha units'><div class='post-entry post-entry-type-page post-entry-2763'><div class='entry-content-wrapper clearfix'>\n\n<style type=\"text\/css\" data-created_by=\"avia_inline_auto\" id=\"style-css-av-2unh-90deb2e315d8c6318ac14b824e1bcd58\">\n.flex_column.av-2unh-90deb2e315d8c6318ac14b824e1bcd58{\nborder-radius:0px 0px 0px 0px;\npadding:0px 0px 0px 0px;\n}\n<\/style>\n<div  class='flex_column av-2unh-90deb2e315d8c6318ac14b824e1bcd58 av_one_full  avia-builder-el-5  el_after_av_layerslider  el_before_av_one_full  avia-builder-el-first  first flex_column_div av-zero-column-padding  '     ><p>\n<style type=\"text\/css\" data-created_by=\"avia_inline_auto\" id=\"style-css-av-k60r4a0f-88909c19a434b960603336787aeb72b1\">\n#top .av-special-heading.av-k60r4a0f-88909c19a434b960603336787aeb72b1{\npadding-bottom:10px;\nfont-size:18px;\n}\nbody .av-special-heading.av-k60r4a0f-88909c19a434b960603336787aeb72b1 .av-special-heading-tag .heading-char{\nfont-size:25px;\n}\n#top #wrap_all .av-special-heading.av-k60r4a0f-88909c19a434b960603336787aeb72b1 .av-special-heading-tag{\nfont-size:18px;\n}\n.av-special-heading.av-k60r4a0f-88909c19a434b960603336787aeb72b1 .av-subheading{\nfont-size:29px;\n}\n\n@media only screen and (min-width: 480px) and (max-width: 767px){ \n#top #wrap_all .av-special-heading.av-k60r4a0f-88909c19a434b960603336787aeb72b1 .av-special-heading-tag{\nfont-size:0.8em;\n}\n}\n\n@media only screen and (max-width: 479px){ \n#top #wrap_all .av-special-heading.av-k60r4a0f-88909c19a434b960603336787aeb72b1 .av-special-heading-tag{\nfont-size:0.8em;\n}\n}\n<\/style>\n<div  class='av-special-heading av-k60r4a0f-88909c19a434b960603336787aeb72b1 av-special-heading-h1 blockquote modern-quote modern-centered  avia-builder-el-6  el_before_av_hr  avia-builder-el-first  av-inherit-size av-linked-heading'><div class='av-subheading av-subheading_above'><p>LIMOUSINE &#8211; TAXI SERVICE<\/p>\n<\/div><h1 class='av-special-heading-tag '  itemprop=\"headline\"  >TAXIDIENST IN BELLINZONA, SCHWEIZ, AUTOVERMIETUNG MIT FAHRER<\/h1><div class=\"special-heading-border\"><div class=\"special-heading-inner-border\"><\/div><\/div><\/div><br \/>\n\n<style type=\"text\/css\" data-created_by=\"avia_inline_auto\" id=\"style-css-av-k56yjidn-4af4ccb0c598df6d3ba58aff43884fc9\">\n#top .hr.av-k56yjidn-4af4ccb0c598df6d3ba58aff43884fc9{\nmargin-top:10px;\nmargin-bottom:10px;\n}\n.hr.av-k56yjidn-4af4ccb0c598df6d3ba58aff43884fc9 .hr-inner{\nwidth:100px;\nborder-color:#000000;\nmax-width:45%;\n}\n<\/style>\n<div  class='hr av-k56yjidn-4af4ccb0c598df6d3ba58aff43884fc9 hr-custom  avia-builder-el-7  el_after_av_heading  el_before_av_textblock  hr-center hr-icon-yes'><span class='hr-inner inner-border-av-border-thin'><span class=\"hr-inner-style\"><\/span><\/span><span class='av-seperator-icon' aria-hidden='true' data-av_icon='\uf101' data-av_iconfont='flaticon'><\/span><span class='hr-inner inner-border-av-border-thin'><span class=\"hr-inner-style\"><\/span><\/span><\/div><br \/>\n<section  class='av_textblock_section av-k56xp9sz-3b6e890917fd3caa53983f91320b2a4c '   itemscope=\"itemscope\" itemtype=\"https:\/\/schema.org\/CreativeWork\" ><div class='avia_textblock'  itemprop=\"text\" ><p style=\"text-align: center;\">Qualit\u00e4t, P\u00fcnktlichkeit und H\u00f6flichkeit sind die St\u00e4rke unseres Chauffeur- und Limousinen Service in Bellinzona, Schweiz.<\/p>\n<p style=\"text-align: center;\">Wenn Sie nach einem Taxiservice in Bellinzona, Lugano, Ascona oder einem Flughafentransfer in der Schweiz oder Norditalien suchen, hilft Ihnen unser Limousinen-Taxiservice gerne weiter indem er Ihnen die M\u00f6glichkeit bietet, das Fahrzeug auszuw\u00e4hlen, das Ihren Bed\u00fcrfnissen entspricht.<\/p>\n<p style=\"text-align: center;\">Wir bieten Business-Class-Transportl\u00f6sungen, um die anspruchsvollsten Kunden zufrieden zu stellen. Wasser und Wi-Fi sind in jedem Auto verf\u00fcgbar. Mit unseren Luxusautos Mercedes S und V Klasse bieten wir Ihnen maximalen Komfort und Entspannung w\u00e4rend Ihrer Reise.<\/p>\n<\/div><\/section><\/p><\/div>\n\n<style type=\"text\/css\" data-created_by=\"avia_inline_auto\" id=\"style-css-av-ty9p-9023ff15cfca4229f45d38a27cdbf337\">\n.flex_column.av-ty9p-9023ff15cfca4229f45d38a27cdbf337{\nborder-radius:0px 0px 0px 0px;\npadding:0px 0px 0px 0px;\n}\n<\/style>\n<div  class='flex_column av-ty9p-9023ff15cfca4229f45d38a27cdbf337 av_one_full  avia-builder-el-9  el_after_av_one_full  el_before_av_section  avia-builder-el-last  first flex_column_div av-zero-column-padding  column-top-margin'     ><p><div  class='avia-button-wrap avia-button-center  avia-builder-el-10  el_before_av_hr  avia-builder-el-first '>\n<style type=\"text\/css\" data-created_by=\"avia_inline_auto\" id=\"style-css-av-k56xqf4r-184e5f419aa431dca21f476103e34475\">\n#top #wrap_all .avia-button.av-k56xqf4r-184e5f419aa431dca21f476103e34475{\nbackground-color:#333333;\nborder-color:#333333;\ntransition:all 0.4s ease-in-out;\n}\n#top #wrap_all .avia-button.av-k56xqf4r-184e5f419aa431dca21f476103e34475:hover{\ncolor:white;\ntransition:all 0.4s ease-in-out;\n}\n<\/style>\n<a href='https:\/\/www.taxi-sprint.ch\/de\/dienstleistungen\/' class='avia-font-color-theme-color avia-button avia-button-fullwidth av-k56xqf4r-184e5f419aa431dca21f476103e34475 avia-icon_select-yes-left-icon avia-color-custom'   aria-label=\"UNSERE DIENSTLEISTUNGEN\"><span class='avia_button_icon avia_button_icon_left' aria-hidden='true' data-av_icon='\uf13c' data-av_iconfont='flaticon'><\/span><span class='avia_iconbox_title' >UNSERE DIENSTLEISTUNGEN<\/span><span class='avia_button_background avia-button avia-button-fullwidth avia-color-theme-color'><\/span><\/a><\/div><br \/>\n\n<style type=\"text\/css\" data-created_by=\"avia_inline_auto\" id=\"style-css-av-k587me3f-23e6baefe81d0e904f2c511f39af455b\">\n#top .hr.hr-invisible.av-k587me3f-23e6baefe81d0e904f2c511f39af455b{\nheight:15px;\n}\n<\/style>\n<div  class='hr av-k587me3f-23e6baefe81d0e904f2c511f39af455b hr-invisible  avia-builder-el-11  el_after_av_button_big  el_before_av_masonry_gallery  avia-builder-el-no-sibling '><span class='hr-inner '><span class=\"hr-inner-style\"><\/span><\/span><\/div><br \/>\n<div id='av-masonry-1' class='av-masonry av-k56xl9ji-0cbca422c8ac387fc19332425b75877a noHover av-fixed-size av-large-gap av-hover-overlay-active av-masonry-animation-active av-masonry-col-3 av-caption-always av-caption-style-overlay av-masonry-gallery av-orientation-square ' data-post_id=\"2763\"><div class=\"av-masonry-container isotope av-js-disabled\"><div class='av-masonry-entry isotope-item av-masonry-item-no-image '><\/div><a href=\"https:\/\/www.taxi-sprint.ch\/de\/limousine-und-taxi\/\"  aria-label=\"Bild Limousinenservice\"  id='av-masonry-1-item-2455' data-av-masonry-item='2455' class='av-masonry-entry isotope-item post-2455 attachment type-attachment status-inherit hentry  av-masonry-item-with-image' title=\"Limousinenservice\" alt=\"Limousinenservice\"  data-av-masonry-custom-link=\"https:\/\/www.taxi-sprint.ch\/de\/limousine-und-taxi\/\"  itemprop=\"thumbnailUrl\" ><div class='av-inner-masonry-sizer'><\/div><figure class='av-inner-masonry main_color'><div class=\"av-masonry-outerimage-container\"><div class='av-masonry-image-container' style=\"background-image: url(https:\/\/www.taxi-sprint.ch\/wp-content\/uploads\/2020\/01\/Servizio-Taxi-705x284.jpg);\"  title=\"Limousinenservice\" ><\/div><\/div><figcaption class='av-inner-masonry-content site-background'><div class='av-inner-masonry-content-pos'><div class='av-inner-masonry-content-pos-content'><div class='avia-arrow'><\/div><h3 class='av-masonry-entry-title entry-title '  itemprop=\"headline\" >Limousinenservice<\/h3><\/div><\/div><\/figcaption><\/figure><\/a><!--end av-masonry entry--><a href=\"https:\/\/www.taxi-sprint.ch\/de\/flughafentransfers\/\"  aria-label=\"Bild Flughafentransfer\"  id='av-masonry-1-item-2454' data-av-masonry-item='2454' class='av-masonry-entry isotope-item post-2454 attachment type-attachment status-inherit hentry  av-masonry-item-with-image' title=\"Flughafentransfer\" alt=\"Flughafentransfer\"  data-av-masonry-custom-link=\"https:\/\/www.taxi-sprint.ch\/de\/flughafentransfers\/\"  itemprop=\"thumbnailUrl\" ><div class='av-inner-masonry-sizer'><\/div><figure class='av-inner-masonry main_color'><div class=\"av-masonry-outerimage-container\"><div class='av-masonry-image-container' style=\"background-image: url(https:\/\/www.taxi-sprint.ch\/wp-content\/uploads\/2020\/01\/Trasferimenti-in-aeroporto-705x596.jpg);\"  title=\"Flughafentransfer\" ><\/div><\/div><figcaption class='av-inner-masonry-content site-background'><div class='av-inner-masonry-content-pos'><div class='av-inner-masonry-content-pos-content'><div class='avia-arrow'><\/div><h3 class='av-masonry-entry-title entry-title '  itemprop=\"headline\" >Flughafentransfer<\/h3><\/div><\/div><\/figcaption><\/figure><\/a><!--end av-masonry entry--><a href=\"https:\/\/www.taxi-sprint.ch\/de\/langstrecken-transfer\/\"  aria-label=\"Bild Langstrecken Transferservice\"  id='av-masonry-1-item-2419' data-av-masonry-item='2419' class='av-masonry-entry isotope-item post-2419 attachment type-attachment status-inherit hentry  av-masonry-item-with-image' title=\"Langstrecken Transferservice\" alt=\"Langstrecken Transferservice\"  data-av-masonry-custom-link=\"https:\/\/www.taxi-sprint.ch\/de\/langstrecken-transfer\/\"  itemprop=\"thumbnailUrl\" ><div class='av-inner-masonry-sizer'><\/div><figure class='av-inner-masonry main_color'><div class=\"av-masonry-outerimage-container\"><div class='av-masonry-image-container' style=\"background-image: url(https:\/\/www.taxi-sprint.ch\/wp-content\/uploads\/2020\/01\/Transfer-Lunghe-Distanze-Svizzera-Europa-1-705x264.jpg);\"  title=\"Langstrecken Transferservice\" ><\/div><\/div><figcaption class='av-inner-masonry-content site-background'><div class='av-inner-masonry-content-pos'><div class='av-inner-masonry-content-pos-content'><div class='avia-arrow'><\/div><h3 class='av-masonry-entry-title entry-title '  itemprop=\"headline\" >Langstrecken Transferservice<\/h3><\/div><\/div><\/figcaption><\/figure><\/a><!--end av-masonry entry--><\/div><\/div><\/p><\/div>\n<\/div><\/div><\/div><!-- close content main div --><\/div><\/div>\n<style type=\"text\/css\" data-created_by=\"avia_inline_auto\" id=\"style-css-av-k3rjx49h-3-ef10d3dc71cc8f95b8bab73bd38c12f6\">\n.avia-section.av-k3rjx49h-3-ef10d3dc71cc8f95b8bab73bd38c12f6{\nbackground-repeat:no-repeat;\nbackground-image:url(https:\/\/www.taxi-sprint.ch\/wp-content\/uploads\/2023\/05\/Limousine-Taxi-Svizzera-2.jpg);\nbackground-position:50% 50%;\nbackground-attachment:scroll;\n}\n<\/style>\n<div id='av_section_1'  class='avia-section av-k3rjx49h-3-ef10d3dc71cc8f95b8bab73bd38c12f6 main_color avia-section-default avia-no-border-styling  avia-builder-el-13  el_after_av_one_full  avia-builder-el-last  av-small-hide av-mini-hide avia-full-stretch avia-bg-style-scroll av-minimum-height av-minimum-height-35 av-height-percent  container_wrap fullsize'  data-section-bg-repeat='stretch' data-av_minimum_height_pc='35' data-av_min_height_opt='percent'><div class='container av-section-cont-open' ><div class='template-page content  av-content-full alpha units'><div class='post-entry post-entry-type-page post-entry-2763'><div class='entry-content-wrapper clearfix'>\n<div class='flex_column_table av-1p7qd-2-0bff0f1ae3421ffc2845bfe8acddeb3f sc-av_one_fourth av-equal-height-column-flextable'>\n<style type=\"text\/css\" data-created_by=\"avia_inline_auto\" id=\"style-css-av-1p7qd-2-0bff0f1ae3421ffc2845bfe8acddeb3f\">\n.flex_column.av-1p7qd-2-0bff0f1ae3421ffc2845bfe8acddeb3f{\nborder-radius:0px 0px 0px 0px;\npadding:0% 0% 0% 0%;\n}\n<\/style>\n<div  class='flex_column av-1p7qd-2-0bff0f1ae3421ffc2845bfe8acddeb3f av_one_fourth  avia-builder-el-14  el_before_av_three_fourth  avia-builder-el-first  first flex_column_table_cell av-equal-height-column av-align-middle av-zero-column-padding  '     ><style type=\"text\/css\" data-created_by=\"avia_inline_auto\" id=\"style-css-av-k5fj3kco-c3bfdce4e5b311600bcb991b1ff5dd0e\">\n#top .av-special-heading.av-k5fj3kco-c3bfdce4e5b311600bcb991b1ff5dd0e{\npadding-bottom:10px;\nfont-size:35px;\n}\nbody .av-special-heading.av-k5fj3kco-c3bfdce4e5b311600bcb991b1ff5dd0e .av-special-heading-tag .heading-char{\nfont-size:25px;\n}\n#top #wrap_all .av-special-heading.av-k5fj3kco-c3bfdce4e5b311600bcb991b1ff5dd0e .av-special-heading-tag{\nfont-size:35px;\n}\n.av-special-heading.av-k5fj3kco-c3bfdce4e5b311600bcb991b1ff5dd0e .av-subheading{\nfont-size:15px;\n}\n\n@media only screen and (min-width: 480px) and (max-width: 767px){ \n#top #wrap_all .av-special-heading.av-k5fj3kco-c3bfdce4e5b311600bcb991b1ff5dd0e .av-special-heading-tag{\nfont-size:0.8em;\n}\n}\n\n@media only screen and (max-width: 479px){ \n#top #wrap_all .av-special-heading.av-k5fj3kco-c3bfdce4e5b311600bcb991b1ff5dd0e .av-special-heading-tag{\nfont-size:0.8em;\n}\n}\n<\/style>\n<div  class='av-special-heading av-k5fj3kco-c3bfdce4e5b311600bcb991b1ff5dd0e av-special-heading-h2 custom-color-heading blockquote modern-quote  avia-builder-el-15  avia-builder-el-no-sibling  av-inherit-size av-linked-heading'><h2 class='av-special-heading-tag '  itemprop=\"headline\"  >WARUM SOLLTEN SIE EINEN LIMOUSINEN- UND TAXISERVICE W\u00c4HLEN <\/h2><div class=\"special-heading-border\"><div class=\"special-heading-inner-border\"><\/div><\/div><\/div><\/div><div class='av-flex-placeholder'><\/div>\n<style type=\"text\/css\" data-created_by=\"avia_inline_auto\" id=\"style-css-av-1p7qd-1-37ceb8bcef5f51d2f0ab42106499c024\">\n.flex_column.av-1p7qd-1-37ceb8bcef5f51d2f0ab42106499c024{\nborder-radius:0px 0px 0px 0px;\npadding:0% 0% 0% 0%;\n}\n<\/style>\n<div  class='flex_column av-1p7qd-1-37ceb8bcef5f51d2f0ab42106499c024 av_three_fourth  avia-builder-el-16  el_after_av_one_fourth  avia-builder-el-last  flex_column_table_cell av-equal-height-column av-align-middle av-zero-column-padding  '     ><style type=\"text\/css\" data-created_by=\"avia_inline_auto\" id=\"style-css-av-k56ycwo2-740c94b37b0678ba7a074235a41bb9b9\">\n.avia-progress-bar-container.av-k56ycwo2-740c94b37b0678ba7a074235a41bb9b9 .progress{\nheight:5px;\n}\n<\/style>\n\n<style type=\"text\/css\" data-created_by=\"avia_inline_auto\" id=\"style-css-sub-av-k56ycwo2-740c94b37b0678ba7a074235a41bb9b9\">\n#top .avia-progress-bar-container .avia-progress-bar.av-1yun9-da18b840486b90e596974a6734c12d35 .bar{\nwidth:100%;\n}\n#top .avia-progress-bar-container .avia-progress-bar.av-1nx1t-e2e545053d9ad3856ee5a8fb171032ab .bar{\nwidth:100%;\n}\n#top .avia-progress-bar-container .avia-progress-bar.av-159wp-9ff840c429411abf9d56fb1538cf0275 .bar{\nwidth:100%;\n}\n<\/style>\n<div  class='avia-progress-bar-container av-k56ycwo2-740c94b37b0678ba7a074235a41bb9b9 av-striped-bar av-animated-bar av-small-bar avia_animate_when_almost_visible  avia-builder-el-17  avia-builder-el-no-sibling '><div class='avia-progress-bar av-1yun9-da18b840486b90e596974a6734c12d35 icon-bar-no theme-color-bar theme-color-bar icon-bar-no'><div class=\"progressbar-title-wrap\"><div class='progressbar-icon'><span class='progressbar-char' aria-hidden='true' data-av_icon='' data-av_iconfont='entypo-fontello'><\/span><\/div><div class='progressbar-title'>ZUVERL\u00c4SSIGKEIT <\/div><\/div><div class=\"progress\"><div class=\"bar-outer\"><div class='bar' data-progress='100'><\/div><\/div><\/div><\/div><div class='avia-progress-bar av-1nx1t-e2e545053d9ad3856ee5a8fb171032ab icon-bar-no theme-color-bar theme-color-bar icon-bar-no'><div class=\"progressbar-title-wrap\"><div class='progressbar-icon'><span class='progressbar-char' aria-hidden='true' data-av_icon='' data-av_iconfont='entypo-fontello'><\/span><\/div><div class='progressbar-title'>P\u00dcNKTLICHKEIT <\/div><\/div><div class=\"progress\"><div class=\"bar-outer\"><div class='bar' data-progress='100'><\/div><\/div><\/div><\/div><div class='avia-progress-bar av-159wp-9ff840c429411abf9d56fb1538cf0275 icon-bar-no theme-color-bar theme-color-bar icon-bar-no'><div class=\"progressbar-title-wrap\"><div class='progressbar-icon'><span class='progressbar-char' aria-hidden='true' data-av_icon='' data-av_iconfont='entypo-fontello'><\/span><\/div><div class='progressbar-title'>RESERVIERTHEIT<\/div><\/div><div class=\"progress\"><div class=\"bar-outer\"><div class='bar' data-progress='100'><\/div><\/div><\/div><\/div><\/div><\/div><\/div><!--close column table wrapper. Autoclose: 1 -->\n\n","protected":false},"excerpt":{"rendered":"","protected":false},"author":1,"featured_media":0,"parent":0,"menu_order":0,"comment_status":"closed","ping_status":"closed","template":"","meta":{"footnotes":""},"class_list":["post-2763","page","type-page","status-publish","hentry"],"yoast_head":"<!-- This site is optimized with the Yoast SEO plugin v27.2 - https:\/\/yoast.com\/product\/yoast-seo-wordpress\/ -->\n<title>Taxi Bellinzona, Svizzera, Limousine Taxi Service<\/title>\n<meta name=\"description\" content=\"Qualit\u00e4t, P\u00fcnktlichkeit und H\u00f6flichkeit sind die St\u00e4rke unseres Chauffeur- und Limousinen Service in Bellinzona, Schweiz.\" \/>\n<meta name=\"robots\" content=\"index, follow, max-snippet:-1, max-image-preview:large, max-video-preview:-1\" \/>\n<link rel=\"canonical\" href=\"https:\/\/www.taxi-sprint.ch\/de\/wp-json\/wp\/v2\/pages\/2763\" \/>\n<meta property=\"og:locale\" content=\"de_DE\" \/>\n<meta property=\"og:type\" content=\"article\" \/>\n<meta property=\"og:title\" content=\"Taxi Bellinzona, Svizzera, Limousine Taxi Service\" \/>\n<meta property=\"og:description\" content=\"Qualit\u00e4t, P\u00fcnktlichkeit und H\u00f6flichkeit sind die St\u00e4rke unseres Chauffeur- und Limousinen Service in Bellinzona, Schweiz.\" \/>\n<meta property=\"og:url\" content=\"https:\/\/www.taxi-sprint.ch\/de\/home\/\" \/>\n<meta property=\"og:site_name\" content=\"Limousine &amp; Taxi Sprint\" \/>\n<meta property=\"article:modified_time\" content=\"2023-10-06T07:37:13+00:00\" \/>\n<meta name=\"twitter:card\" content=\"summary_large_image\" \/>\n<meta name=\"twitter:label1\" content=\"Gesch\u00e4tzte Lesezeit\" \/>\n\t<meta name=\"twitter:data1\" content=\"6\u00a0Minuten\" \/>\n<script type=\"application\/ld+json\" class=\"yoast-schema-graph\">{\"@context\":\"https:\/\/schema.org\",\"@graph\":[{\"@type\":\"WebPage\",\"@id\":\"https:\/\/www.taxi-sprint.ch\/de\/home\/\",\"url\":\"https:\/\/www.taxi-sprint.ch\/de\/home\/\",\"name\":\"Taxi Bellinzona, Svizzera, Limousine Taxi Service\",\"isPartOf\":{\"@id\":\"https:\/\/www.taxi-sprint.ch\/#website\"},\"datePublished\":\"2019-12-03T08:08:35+00:00\",\"dateModified\":\"2023-10-06T07:37:13+00:00\",\"description\":\"Qualit\u00e4t, P\u00fcnktlichkeit und H\u00f6flichkeit sind die St\u00e4rke unseres Chauffeur- und Limousinen Service in Bellinzona, Schweiz.\",\"breadcrumb\":{\"@id\":\"https:\/\/www.taxi-sprint.ch\/de\/home\/#breadcrumb\"},\"inLanguage\":\"de\",\"potentialAction\":[{\"@type\":\"ReadAction\",\"target\":[\"https:\/\/www.taxi-sprint.ch\/de\/home\/\"]}]},{\"@type\":\"BreadcrumbList\",\"@id\":\"https:\/\/www.taxi-sprint.ch\/de\/home\/#breadcrumb\",\"itemListElement\":[{\"@type\":\"ListItem\",\"position\":1,\"name\":\"Home\",\"item\":\"https:\/\/www.taxi-sprint.ch\/home\/\"},{\"@type\":\"ListItem\",\"position\":2,\"name\":\"Home\"}]},{\"@type\":\"WebSite\",\"@id\":\"https:\/\/www.taxi-sprint.ch\/#website\",\"url\":\"https:\/\/www.taxi-sprint.ch\/\",\"name\":\"Limousine &amp; Taxi Sprint\",\"description\":\"\",\"potentialAction\":[{\"@type\":\"SearchAction\",\"target\":{\"@type\":\"EntryPoint\",\"urlTemplate\":\"https:\/\/www.taxi-sprint.ch\/?s={search_term_string}\"},\"query-input\":{\"@type\":\"PropertyValueSpecification\",\"valueRequired\":true,\"valueName\":\"search_term_string\"}}],\"inLanguage\":\"de\"}]}<\/script>\n<!-- \/ Yoast SEO plugin. -->","yoast_head_json":{"title":"Taxi Bellinzona, Svizzera, Limousine Taxi Service","description":"Qualit\u00e4t, P\u00fcnktlichkeit und H\u00f6flichkeit sind die St\u00e4rke unseres Chauffeur- und Limousinen Service in Bellinzona, Schweiz.","robots":{"index":"index","follow":"follow","max-snippet":"max-snippet:-1","max-image-preview":"max-image-preview:large","max-video-preview":"max-video-preview:-1"},"canonical":"https:\/\/www.taxi-sprint.ch\/de\/wp-json\/wp\/v2\/pages\/2763","og_locale":"de_DE","og_type":"article","og_title":"Taxi Bellinzona, Svizzera, Limousine Taxi Service","og_description":"Qualit\u00e4t, P\u00fcnktlichkeit und H\u00f6flichkeit sind die St\u00e4rke unseres Chauffeur- und Limousinen Service in Bellinzona, Schweiz.","og_url":"https:\/\/www.taxi-sprint.ch\/de\/home\/","og_site_name":"Limousine &amp; Taxi Sprint","article_modified_time":"2023-10-06T07:37:13+00:00","twitter_card":"summary_large_image","twitter_misc":{"Gesch\u00e4tzte Lesezeit":"6\u00a0Minuten"},"schema":{"@context":"https:\/\/schema.org","@graph":[{"@type":"WebPage","@id":"https:\/\/www.taxi-sprint.ch\/de\/home\/","url":"https:\/\/www.taxi-sprint.ch\/de\/home\/","name":"Taxi Bellinzona, Svizzera, Limousine Taxi Service","isPartOf":{"@id":"https:\/\/www.taxi-sprint.ch\/#website"},"datePublished":"2019-12-03T08:08:35+00:00","dateModified":"2023-10-06T07:37:13+00:00","description":"Qualit\u00e4t, P\u00fcnktlichkeit und H\u00f6flichkeit sind die St\u00e4rke unseres Chauffeur- und Limousinen Service in Bellinzona, Schweiz.","breadcrumb":{"@id":"https:\/\/www.taxi-sprint.ch\/de\/home\/#breadcrumb"},"inLanguage":"de","potentialAction":[{"@type":"ReadAction","target":["https:\/\/www.taxi-sprint.ch\/de\/home\/"]}]},{"@type":"BreadcrumbList","@id":"https:\/\/www.taxi-sprint.ch\/de\/home\/#breadcrumb","itemListElement":[{"@type":"ListItem","position":1,"name":"Home","item":"https:\/\/www.taxi-sprint.ch\/home\/"},{"@type":"ListItem","position":2,"name":"Home"}]},{"@type":"WebSite","@id":"https:\/\/www.taxi-sprint.ch\/#website","url":"https:\/\/www.taxi-sprint.ch\/","name":"Limousine &amp; Taxi Sprint","description":"","potentialAction":[{"@type":"SearchAction","target":{"@type":"EntryPoint","urlTemplate":"https:\/\/www.taxi-sprint.ch\/?s={search_term_string}"},"query-input":{"@type":"PropertyValueSpecification","valueRequired":true,"valueName":"search_term_string"}}],"inLanguage":"de"}]}},"_links":{"self":[{"href":"https:\/\/www.taxi-sprint.ch\/de\/wp-json\/wp\/v2\/pages\/2763","targetHints":{"allow":["GET"]}}],"collection":[{"href":"https:\/\/www.taxi-sprint.ch\/de\/wp-json\/wp\/v2\/pages"}],"about":[{"href":"https:\/\/www.taxi-sprint.ch\/de\/wp-json\/wp\/v2\/types\/page"}],"author":[{"embeddable":true,"href":"https:\/\/www.taxi-sprint.ch\/de\/wp-json\/wp\/v2\/users\/1"}],"replies":[{"embeddable":true,"href":"https:\/\/www.taxi-sprint.ch\/de\/wp-json\/wp\/v2\/comments?post=2763"}],"version-history":[{"count":11,"href":"https:\/\/www.taxi-sprint.ch\/de\/wp-json\/wp\/v2\/pages\/2763\/revisions"}],"predecessor-version":[{"id":2764,"href":"https:\/\/www.taxi-sprint.ch\/de\/wp-json\/wp\/v2\/pages\/2763\/revisions\/2764"}],"wp:attachment":[{"href":"https:\/\/www.taxi-sprint.ch\/de\/wp-json\/wp\/v2\/media?parent=2763"}],"curies":[{"name":"wp","href":"https:\/\/api.w.org\/{rel}","templated":true}]}}