{"id":1183,"date":"2020-01-30T16:06:09","date_gmt":"2020-01-30T15:06:09","guid":{"rendered":"https:\/\/www.taxi-sprint.ch\/informativa-privacy-modulo-contatto\/"},"modified":"2020-02-20T15:21:40","modified_gmt":"2020-02-20T14:21:40","slug":"privacy-policy-contact-form","status":"publish","type":"page","link":"https:\/\/www.taxi-sprint.ch\/en\/privacy-policy-contact-form\/","title":{"rendered":"Privacy Policy contact form"},"content":{"rendered":"<h1 class=\"ng-scope\">Informativa sul trattamento dei dati personali, ai sensi dell\u2019art. 13 del Reg. UE 2016\/679.<\/h1>\n<p class=\"ng-scope\">Il Regolamento UE 27 aprile 2016, n. 679 prevede il diritto alla protezione dei dati personali riguardanti persone fisiche. In ottemperanza a tale normativa, la nostra azienda, che intende trattare i Suoi dati personali, desidera preventivamente informarLa, ai sensi dell\u2019art. 13 del Reg. UE 2016\/679, che tale trattamento sar\u00e0 improntato ai principi di liceit\u00e0, correttezza e trasparenza, limitazione della finalit\u00e0, minimizzazione dei dati, esattezza, limitazione della conservazione, integrit\u00e0 e riservatezza e responsabilizzazione, nonch\u00e9 tutela della Sua riservatezza e dei Suoi diritti.<\/p>\n<p class=\"alki-movable ng-scope\">Pertanto Le forniamo le seguenti informazioni sul trattamento dei Suoi dati personali che intendiamo effettuare:<\/p>\n<p class=\"ng-scope\">Il trattamento ha\u00a0<strong>finalit\u00e0<\/strong>\u00a0di poterLa ricontattare, a seguito di Sua richiesta, per fornire informazioni, anche relative ai prodotti\/servizi e per esigenze interne di tipo operativo o gestionale.<\/p>\n<p class=\"ng-scope\">Il trattamento sar\u00e0 effettuato ad opera di soggetti appositamente incaricati, con le seguenti\u00a0<strong>modalit\u00e0: elettronica e cartacea<\/strong>.<\/p>\n<p class=\"ng-scope\">Il\u00a0<strong>conferimento<\/strong>\u00a0dei Suoi dati \u00e8 per Lei\u00a0<strong>obbligatorio<\/strong>\u00a0per la finalit\u00e0 sopra riportata. La invitiamo ad omettere dati non pertinenti in relazione alle specifiche finalit\u00e0 per cui sono conferiti.<\/p>\n<p class=\"ng-scope\">L\u2019eventuale mancato conferimento dei Suoi dati potrebbe comportare l\u2019<strong>impossibilit\u00e0 di poterLa ricontattare<\/strong>\u00a0per fornire informazioni, anche relative ai prodotti\/servizi e per esigenze interne di tipo operativo o gestionale.<\/p>\n<p class=\"ng-scope\"><strong>I soggetti incaricati<\/strong>\u00a0ai quali i Suoi dati personali (dati anagrafici e comuni) possono essere comunicati sono i seguenti:<\/p>\n<ul class=\"ng-scope\">\n<li>soggetti incaricati facenti parte della nostra azienda;<\/li>\n<li>soggetti esterni che eventualmente svolgono per conto della nostra azienda gestione dei sistemi informatici e sito internet;<\/li>\n<li>soggetti ai quali la facolt\u00e0 di accedere ai dati stessi sia accordata da disposizioni di legge o regolamenti;<\/li>\n<li>altri soggetti previsti dalla legge.<\/li>\n<\/ul>\n<p class=\"ng-scope\"><strong>I dati cartacei<\/strong>\u00a0raccolti saranno debitamente\u00a0<strong>conservati<\/strong>\u00a0per un periodo massimo quantificabile in\u00a0<strong>10 anni<\/strong>, ai sensi dell\u2019<strong>art.2220 c.c.<\/strong>.<\/p>\n<p class=\"ng-scope\"><strong>I dati elettronici<\/strong>\u00a0raccolti saranno debitamente\u00a0<strong>conservati<\/strong>, ai sensi dell\u2019<strong>art. 13. c.2, lett. a), seconda parte, del Reg. UE 2016\/679, per un termine variabile<\/strong>, secondo\u00a0<strong>criteri di bilanciamento di interessi legittimi aziendali (legati a verifiche fiscali, eventuale corrispondenza commerciale speciale, quale contenziosi, morosit\u00e0, aspetti legali, di qualit\u00e0, fini statistici)<\/strong>.<\/p>\n<p class=\"ng-scope\"><strong>Non \u00e8 prevista la possibilit\u00e0 di diffondere i dati stessi<\/strong>\u00a0(diffusione = comunicazione a soggetti indeterminati).<\/p>\n<p class=\"ng-scope\">Il Titolare del trattamento \u00e8\u00a0<strong class=\"ng-binding\">TAXI SPRINT<\/strong>, con\u00a0<strong>sede legale<\/strong>\u00a0in\u00a0<strong class=\"ng-binding\">VIA SAN GOTTARDO 52\/B 6500 BELLINZONA<\/strong><\/p>\n<p class=\"ng-scope\">Ai sensi dell\u2019art. 13, par. 2, lett. b), c), d) del Reg. UE 2016\/679, rivolgendosi al Titolare del trattamento, Lei potr\u00e0 far valere i seguenti diritti, relativi al trattamento dei dati personali:<\/p>\n<ul class=\"ng-scope\">\n<li>diritto all\u2019<strong>accesso<\/strong>\u00a0(art. 15);<\/li>\n<li>diritto di\u00a0<strong>rettifica<\/strong>\u00a0(art. 16);<\/li>\n<li>diritto di\u00a0<strong>cancellazione<\/strong>\u00a0(art. 17);<\/li>\n<li>diritto di\u00a0<strong>limitazione<\/strong>\u00a0(art. 18);<\/li>\n<li>diritto alla\u00a0<strong>portabilit\u00e0 del dato<\/strong>\u00a0(art. 20);<\/li>\n<li>diritto di\u00a0<strong>opposizione<\/strong>\u00a0(art. 21);<\/li>\n<li>diritto di proporre\u00a0<strong>reclamo ad un\u2019autorit\u00e0 di controllo<\/strong>\u00a0(art. 77);<\/li>\n<li>diritto di\u00a0<strong>revocare il consenso<\/strong>, nei casi previsti dall\u2019art. 6, par. 1, lett. a) oppure dall\u2019art. 9, par. 2, lett. a).<\/li>\n<\/ul>\n<p class=\"ng-binding ng-scope\">Il documento \u00e8 stato aggiornato in data 30\/01\/2020 per essere conforme alle disposizioni normative in materia.<\/p>\n<p class=\"ng-scope\">Consulta anche la pagina\u00a0<a href=\"https:\/\/www.taxi-sprint.ch\/en\/informativa-privacy-e-cookie-policy\/\">Privacy Policy e Cookie policy completa.<\/a><\/p>\n","protected":false},"excerpt":{"rendered":"<p>Informativa sul trattamento dei dati personali, ai sensi dell\u2019art. 13 del Reg. UE 2016\/679. Il Regolamento UE 27 aprile 2016, n. 679 prevede il diritto alla protezione dei dati personali riguardanti persone fisiche. In ottemperanza a tale normativa, la nostra azienda, che intende trattare i Suoi dati personali, desidera preventivamente informarLa, ai sensi dell\u2019art. 13 [&hellip;]<\/p>\n","protected":false},"author":1,"featured_media":0,"parent":0,"menu_order":0,"comment_status":"closed","ping_status":"closed","template":"","meta":{"footnotes":""},"class_list":["post-1183","page","type-page","status-publish","hentry"],"yoast_head":"<!-- This site is optimized with the Yoast SEO plugin v27.2 - https:\/\/yoast.com\/product\/yoast-seo-wordpress\/ -->\n<title>Privacy Policy contact form - Limousine &amp; Taxi Sprint<\/title>\n<meta name=\"robots\" content=\"index, follow, max-snippet:-1, max-image-preview:large, max-video-preview:-1\" \/>\n<link rel=\"canonical\" href=\"https:\/\/www.taxi-sprint.ch\/en\/wp-json\/wp\/v2\/pages\/1183\" \/>\n<meta property=\"og:locale\" content=\"en_US\" \/>\n<meta property=\"og:type\" content=\"article\" \/>\n<meta property=\"og:title\" content=\"Privacy Policy contact form - Limousine &amp; Taxi Sprint\" \/>\n<meta property=\"og:description\" content=\"Informativa sul trattamento dei dati personali, ai sensi dell\u2019art. 13 del Reg. UE 2016\/679. Il Regolamento UE 27 aprile 2016, n. 679 prevede il diritto alla protezione dei dati personali riguardanti persone fisiche. In ottemperanza a tale normativa, la nostra azienda, che intende trattare i Suoi dati personali, desidera preventivamente informarLa, ai sensi dell\u2019art. 13 [&hellip;]\" \/>\n<meta property=\"og:url\" content=\"https:\/\/www.taxi-sprint.ch\/en\/privacy-policy-contact-form\/\" \/>\n<meta property=\"og:site_name\" content=\"Limousine &amp; Taxi Sprint\" \/>\n<meta property=\"article:modified_time\" content=\"2020-02-20T14:21:40+00:00\" \/>\n<meta name=\"twitter:card\" content=\"summary_large_image\" \/>\n<meta name=\"twitter:label1\" content=\"Est. reading time\" \/>\n\t<meta name=\"twitter:data1\" content=\"2 minutes\" \/>\n<script type=\"application\/ld+json\" class=\"yoast-schema-graph\">{\"@context\":\"https:\/\/schema.org\",\"@graph\":[{\"@type\":\"WebPage\",\"@id\":\"https:\/\/www.taxi-sprint.ch\/en\/privacy-policy-contact-form\/\",\"url\":\"https:\/\/www.taxi-sprint.ch\/en\/privacy-policy-contact-form\/\",\"name\":\"Privacy Policy contact form - Limousine &amp; Taxi Sprint\",\"isPartOf\":{\"@id\":\"https:\/\/www.taxi-sprint.ch\/#website\"},\"datePublished\":\"2020-01-30T15:06:09+00:00\",\"dateModified\":\"2020-02-20T14:21:40+00:00\",\"breadcrumb\":{\"@id\":\"https:\/\/www.taxi-sprint.ch\/en\/privacy-policy-contact-form\/#breadcrumb\"},\"inLanguage\":\"en-US\",\"potentialAction\":[{\"@type\":\"ReadAction\",\"target\":[\"https:\/\/www.taxi-sprint.ch\/en\/privacy-policy-contact-form\/\"]}]},{\"@type\":\"BreadcrumbList\",\"@id\":\"https:\/\/www.taxi-sprint.ch\/en\/privacy-policy-contact-form\/#breadcrumb\",\"itemListElement\":[{\"@type\":\"ListItem\",\"position\":1,\"name\":\"Home\",\"item\":\"https:\/\/www.taxi-sprint.ch\/en\/home\/\"},{\"@type\":\"ListItem\",\"position\":2,\"name\":\"Privacy Policy contact form\"}]},{\"@type\":\"WebSite\",\"@id\":\"https:\/\/www.taxi-sprint.ch\/#website\",\"url\":\"https:\/\/www.taxi-sprint.ch\/\",\"name\":\"Limousine &amp; Taxi Sprint\",\"description\":\"\",\"potentialAction\":[{\"@type\":\"SearchAction\",\"target\":{\"@type\":\"EntryPoint\",\"urlTemplate\":\"https:\/\/www.taxi-sprint.ch\/?s={search_term_string}\"},\"query-input\":{\"@type\":\"PropertyValueSpecification\",\"valueRequired\":true,\"valueName\":\"search_term_string\"}}],\"inLanguage\":\"en-US\"}]}<\/script>\n<!-- \/ Yoast SEO plugin. -->","yoast_head_json":{"title":"Privacy Policy contact form - Limousine &amp; Taxi Sprint","robots":{"index":"index","follow":"follow","max-snippet":"max-snippet:-1","max-image-preview":"max-image-preview:large","max-video-preview":"max-video-preview:-1"},"canonical":"https:\/\/www.taxi-sprint.ch\/en\/wp-json\/wp\/v2\/pages\/1183","og_locale":"en_US","og_type":"article","og_title":"Privacy Policy contact form - Limousine &amp; Taxi Sprint","og_description":"Informativa sul trattamento dei dati personali, ai sensi dell\u2019art. 13 del Reg. UE 2016\/679. Il Regolamento UE 27 aprile 2016, n. 679 prevede il diritto alla protezione dei dati personali riguardanti persone fisiche. In ottemperanza a tale normativa, la nostra azienda, che intende trattare i Suoi dati personali, desidera preventivamente informarLa, ai sensi dell\u2019art. 13 [&hellip;]","og_url":"https:\/\/www.taxi-sprint.ch\/en\/privacy-policy-contact-form\/","og_site_name":"Limousine &amp; Taxi Sprint","article_modified_time":"2020-02-20T14:21:40+00:00","twitter_card":"summary_large_image","twitter_misc":{"Est. reading time":"2 minutes"},"schema":{"@context":"https:\/\/schema.org","@graph":[{"@type":"WebPage","@id":"https:\/\/www.taxi-sprint.ch\/en\/privacy-policy-contact-form\/","url":"https:\/\/www.taxi-sprint.ch\/en\/privacy-policy-contact-form\/","name":"Privacy Policy contact form - Limousine &amp; Taxi Sprint","isPartOf":{"@id":"https:\/\/www.taxi-sprint.ch\/#website"},"datePublished":"2020-01-30T15:06:09+00:00","dateModified":"2020-02-20T14:21:40+00:00","breadcrumb":{"@id":"https:\/\/www.taxi-sprint.ch\/en\/privacy-policy-contact-form\/#breadcrumb"},"inLanguage":"en-US","potentialAction":[{"@type":"ReadAction","target":["https:\/\/www.taxi-sprint.ch\/en\/privacy-policy-contact-form\/"]}]},{"@type":"BreadcrumbList","@id":"https:\/\/www.taxi-sprint.ch\/en\/privacy-policy-contact-form\/#breadcrumb","itemListElement":[{"@type":"ListItem","position":1,"name":"Home","item":"https:\/\/www.taxi-sprint.ch\/en\/home\/"},{"@type":"ListItem","position":2,"name":"Privacy Policy contact form"}]},{"@type":"WebSite","@id":"https:\/\/www.taxi-sprint.ch\/#website","url":"https:\/\/www.taxi-sprint.ch\/","name":"Limousine &amp; Taxi Sprint","description":"","potentialAction":[{"@type":"SearchAction","target":{"@type":"EntryPoint","urlTemplate":"https:\/\/www.taxi-sprint.ch\/?s={search_term_string}"},"query-input":{"@type":"PropertyValueSpecification","valueRequired":true,"valueName":"search_term_string"}}],"inLanguage":"en-US"}]}},"_links":{"self":[{"href":"https:\/\/www.taxi-sprint.ch\/en\/wp-json\/wp\/v2\/pages\/1183","targetHints":{"allow":["GET"]}}],"collection":[{"href":"https:\/\/www.taxi-sprint.ch\/en\/wp-json\/wp\/v2\/pages"}],"about":[{"href":"https:\/\/www.taxi-sprint.ch\/en\/wp-json\/wp\/v2\/types\/page"}],"author":[{"embeddable":true,"href":"https:\/\/www.taxi-sprint.ch\/en\/wp-json\/wp\/v2\/users\/1"}],"replies":[{"embeddable":true,"href":"https:\/\/www.taxi-sprint.ch\/en\/wp-json\/wp\/v2\/comments?post=1183"}],"version-history":[{"count":0,"href":"https:\/\/www.taxi-sprint.ch\/en\/wp-json\/wp\/v2\/pages\/1183\/revisions"}],"wp:attachment":[{"href":"https:\/\/www.taxi-sprint.ch\/en\/wp-json\/wp\/v2\/media?parent=1183"}],"curies":[{"name":"wp","href":"https:\/\/api.w.org\/{rel}","templated":true}]}}